{"id":550,"date":"2023-02-02T06:47:00","date_gmt":"2023-02-02T09:47:00","guid":{"rendered":"https:\/\/metrologia2023.org.br\/?page_id=550"},"modified":"2023-09-11T11:06:24","modified_gmt":"2023-09-11T14:06:24","slug":"sponsors","status":"publish","type":"page","link":"https:\/\/metrologia2023.org.br\/?page_id=550","title":{"rendered":"Patroc\u00ednio"},"content":{"rendered":"\t\t<div data-elementor-type=\"wp-post\" data-elementor-id=\"550\" class=\"elementor elementor-550\">\n\t\t\t\t\t\t\t\t\t<section class=\"elementor-section elementor-top-section elementor-element elementor-element-a859281 elementor-section-stretched elementor-section-boxed elementor-section-height-default elementor-section-height-default\" data-id=\"a859281\" data-element_type=\"section\" data-settings=\"{&quot;stretch_section&quot;:&quot;section-stretched&quot;,&quot;background_background&quot;:&quot;classic&quot;,&quot;_ha_eqh_enable&quot;:false}\">\n\t\t\t\t\t\t\t<div class=\"elementor-background-overlay\"><\/div>\n\t\t\t\t\t\t\t<div class=\"elementor-container elementor-column-gap-no\">\n\t\t\t\t\t<div class=\"elementor-column elementor-col-100 elementor-top-column elementor-element elementor-element-7423d02\" data-id=\"7423d02\" data-element_type=\"column\">\n\t\t\t<div class=\"elementor-widget-wrap elementor-element-populated\">\n\t\t\t\t\t\t\t\t<div class=\"elementor-element elementor-element-e953217 elementor-widget elementor-widget-rt-title\" data-id=\"e953217\" data-element_type=\"widget\" data-widget_type=\"rt-title.default\">\n\t\t\t\t<div class=\"elementor-widget-container\">\n\t\t\t<div class=\"rt-el-title section-heading style4\">\t\r\n        <h3 class=\"rtin-title title-bold color-dark title-bar\">Como Funciona<\/h3>\t\r\n<\/div>\r\n\t\t<\/div>\n\t\t\t\t<\/div>\n\t\t\t\t<div class=\"elementor-element elementor-element-31c9263 elementor-widget elementor-widget-text-editor\" data-id=\"31c9263\" data-element_type=\"widget\" data-widget_type=\"text-editor.default\">\n\t\t\t\t<div class=\"elementor-widget-container\">\n\t\t\t<style>\/*! elementor - v3.17.0 - 18-10-2023 *\/\n.elementor-widget-text-editor.elementor-drop-cap-view-stacked .elementor-drop-cap{background-color:#69727d;color:#fff}.elementor-widget-text-editor.elementor-drop-cap-view-framed .elementor-drop-cap{color:#69727d;border:3px solid;background-color:transparent}.elementor-widget-text-editor:not(.elementor-drop-cap-view-default) .elementor-drop-cap{margin-top:8px}.elementor-widget-text-editor:not(.elementor-drop-cap-view-default) .elementor-drop-cap-letter{width:1em;height:1em}.elementor-widget-text-editor .elementor-drop-cap{float:left;text-align:center;line-height:1;font-size:50px}.elementor-widget-text-editor .elementor-drop-cap-letter{display:inline-block}<\/style>\t\t\t\t<div><p>O Metrologia 2023 reunir\u00e1 pesquisadores, representantes de institui\u00e7\u00f5es nacionais e internacionais que estudam e trabalham em tecnologias e produtos da metrologia e da avalia\u00e7\u00e3o de conformidade. Entre os participantes encontram-se tamb\u00e9m representantes dos mais diversos setores como:\u00a0agroindu\u0301stria, alimentos, biotecnologia, bioengenharia, dureza, el\u00e9trica, engenharia, f\u00edsica, for\u00e7a, forense, massa, metal\u00fargico, qu\u00edmica, \u00f3ptica, petr\u00f3leo e g\u00e1s, entre outras.<\/p><div><p>O Metrologia 2023 possui um diversificado p\u00fablico-alvo de grande interesse para diversos setores da ind\u00fastria e com\u00e9rcio e, em particular, para todas as institui\u00e7\u00f5es de pesquisa relacionadas com a metrologia.<\/p><p>Confira as cota de patroc\u00ednio na tabela a seguir.<\/p><\/div><\/div>\t\t\t\t\t\t<\/div>\n\t\t\t\t<\/div>\n\t\t\t\t<div class=\"elementor-element elementor-element-1992f4f elementor-widget elementor-widget-text-editor\" data-id=\"1992f4f\" data-element_type=\"widget\" data-widget_type=\"text-editor.default\">\n\t\t\t\t<div class=\"elementor-widget-container\">\n\t\t\t\t\t\t\t    <div class=\"vc_om-table wpb_content_element vc_om-table-style-striped vc_om-table-align-center\">\n    <div class=\"wpb_wrapper\">\n    <table style=\"border: 1px solid rgba(0, 0, 0, 0.1); width: 90%; margin: auto;\">\n    <tbody>\n    <tr style=\"border: 1px solid rgba(0, 0, 0, 0.1); height: 24px;\">\n    <td style=\"border: 1px solid rgba(0, 0, 0, 0.1); background-color: #c3c7ca; height: 24px; width: 40%; text-align: center;\"><strong>\u00a0Plano<\/strong><\/td>\n    <td style=\"border: 1px solid rgba(0, 0, 0, 0.1); background-color: #c3c7ca; height: 24px; text-align: center;\" align=\"center\" valign=\"middle\"><strong>Diamante<\/strong><\/td>\n    <td style=\"border: 1px solid rgba(0, 0, 0, 0.1); background-color: #c3c7ca; height: 24px; text-align: center;\" align=\"center\" valign=\"middle\"><strong>Ouro<\/strong><\/td>\n    <td style=\"border: 1px solid rgba(0, 0, 0, 0.1); background-color: #c3c7ca; height: 24px; text-align: center;\" align=\"center\" valign=\"middle\"><strong>Prata<\/strong><\/td>\n    <td style=\"border: 1px solid rgba(0, 0, 0, 0.1); background-color: #c3c7ca; height: 24px; text-align: center;\" align=\"center\" valign=\"middle\"><strong>Bronze<\/strong><\/td>\n    <td style=\"border: 1px solid rgba(0, 0, 0, 0.1); background-color: #c3c7ca; height: 24px; text-align: center;\" align=\"center\" valign=\"middle\"><strong>Cobre<\/strong><\/td>\n    <\/tr>\n    <tr style=\"border: 1px solid rgba(0, 0, 0, 0.1); height: 3px;\">\n    <td style=\"border: 1px solid rgba(0, 0, 0, 0.1); height: 3px; background-color: #ebeef1; text-align: center;\"><strong>\u00a0Benef\u00edcios\/Valor<\/strong><\/td>\n    <td style=\"border: 1px solid rgba(0, 0, 0, 0.1); height: 3px; background-color: #ebeef1; text-align: center;\" align=\"center\" valign=\"middle\"><strong>\u00a0R$ 40.000,00<\/strong><\/td>\n    <td style=\"border: 1px solid rgba(0, 0, 0, 0.1); height: 3px; background-color: #ebeef1; text-align: center;\" align=\"center\" valign=\"middle\"><strong>\u00a0R$ 20.000,00<\/strong><\/td>\n    <td style=\"border: 1px solid rgba(0, 0, 0, 0.1); height: 3px; background-color: #ebeef1; text-align: center;\" align=\"center\" valign=\"middle\"><strong>\u00a0R$ 10.000,00<\/strong><\/td>\n    <td style=\"border: 1px solid rgba(0, 0, 0, 0.1); height: 3px; background-color: #ebeef1; text-align: center;\" align=\"center\" valign=\"middle\"><strong>R$ 5.000,00<\/strong><\/td>\n    <td style=\"border: 1px solid rgba(0, 0, 0, 0.1); height: 3px; background-color: #ebeef1; text-align: center;\" align=\"center\" valign=\"middle\"><strong>R$ 3.000,00<\/strong><\/td>\n    <\/tr>\n    <tr style=\"border: 1px solid rgba(0, 0, 0, 0.1); height: 3px;\">\n    <td style=\"border: 1px solid rgba(0, 0, 0, 0.1); height: 3px; width: 30%; background-color: #ffffff; text-align: left;\">Espa\u00e7o para palestra institucional<\/td>\n    <td style=\"border: 1px solid rgba(0, 0, 0, 0.1); height: 3px; width: 176px; background-color: #ffffff; text-align: center;\" align=\"center\" valign=\"middle\"><i class=\"fa fa-check-circle icon-success\" style=\"color: chartreuse;font-size: 27px !important;\"><\/i><\/td>\n    <td style=\"border: 1px solid rgba(0, 0, 0, 0.1); height: 3px; width: 176px; background-color: #ffffff; text-align: center;\" align=\"center\" valign=\"middle\"><i class=\"fa fa-times-circle icon-danger\" style=\"color: #e32222;font-size: 27px !important;\"><\/i><\/td>\n    <td style=\"border: 1px solid rgba(0, 0, 0, 0.1); height: 3px; width: 176px; background-color: #ffffff; text-align: center;\" align=\"center\" valign=\"middle\"><i class=\"fa fa-times-circle icon-danger\" style=\"color: #e32222;font-size: 27px !important;\"><\/i><\/td>\n    <td style=\"border: 1px solid rgba(0, 0, 0, 0.1); height: 3px; width: 176px; background-color: #ffffff; text-align: center;\" align=\"center\" valign=\"middle\"><i class=\"fa fa-times-circle icon-danger\" style=\"color: #e32222;font-size: 27px !important;\"><\/i><\/td>\n    <td style=\"border: 1px solid rgba(0, 0, 0, 0.1); height: 3px; width: 176px; background-color: #ffffff; text-align: center;\" align=\"center\" valign=\"middle\"><i class=\"fa fa-times-circle icon-danger\" style=\"color: #e32222;font-size: 27px !important;\"><\/i><\/td>\n    <\/tr>\n    <tr style=\"border: 1px solid rgba(0, 0, 0, 0.1); height: 3px;\">\n    <td style=\"border: 1px solid rgba(0, 0, 0, 0.1); height: 3px; width: 30%; background-color: #f4f9fb; text-align: left;\" bgcolor=\"#CCCCCC\">V\u00eddeo institucional no intervalo das palestras<\/td>\n    <td style=\"border: 1px solid rgba(0, 0, 0, 0.1); height: 3px; width: 176px; background-color: #f4f9fb; text-align: center;\" align=\"center\" valign=\"middle\" bgcolor=\"#CCCCCC\"><i class=\"fa fa-check-circle icon-success\" style=\"color: chartreuse;font-size: 27px !important;\"><\/i><\/td>\n    <td style=\"border: 1px solid rgba(0, 0, 0, 0.1); height: 3px; width: 176px; background-color: #f4f9fb; text-align: center;\" align=\"center\" valign=\"middle\" bgcolor=\"#CCCCCC\"><i class=\"fa fa-times-circle icon-danger\" style=\"color: #e32222;font-size: 27px !important;\"><\/i><\/td>\n    <td style=\"border: 1px solid rgba(0, 0, 0, 0.1); height: 3px; width: 176px; background-color: #f4f9fb; text-align: center;\" align=\"center\" valign=\"middle\" bgcolor=\"#CCCCCC\"><i class=\"fa fa-times-circle icon-danger\" style=\"color: #e32222;font-size: 27px !important;\"><\/i><\/td>\n    <td style=\"border: 1px solid rgba(0, 0, 0, 0.1); height: 3px; width: 176px; background-color: #f4f9fb; text-align: center;\" align=\"center\" valign=\"middle\" bgcolor=\"#CCCCCC\"><i class=\"fa fa-times-circle icon-danger\" style=\"color: #e32222;font-size: 27px !important;\"><\/i><\/td>\n    <td style=\"border: 1px solid rgba(0, 0, 0, 0.1); height: 3px; width: 176px; background-color: #f4f9fb; text-align: center;\" align=\"center\" valign=\"middle\" bgcolor=\"#CCCCCC\"><i class=\"fa fa-times-circle icon-danger\" style=\"color: #e32222;font-size: 27px !important;\"><\/i><\/td>\n    <\/tr>\n    <tr style=\"border: 1px solid rgba(0, 0, 0, 0.1); height: 3px;\">\n    <td style=\"border: 1px solid rgba(0, 0, 0, 0.1); height: 3px; width: 30%; background-color: #ffffff; text-align: left;\">Banner impresso da institui\u00e7\u00e3o durante o evento<\/td>\n    <td style=\"border: 1px solid rgba(0, 0, 0, 0.1); height: 3px; width: 176px; background-color: #ffffff; text-align: center;\" align=\"center\" valign=\"middle\"><i class=\"fa fa-check-circle icon-success\" style=\"color: chartreuse;font-size: 27px !important;\"><\/i><\/td>\n    <td style=\"border: 1px solid rgba(0, 0, 0, 0.1); height: 3px; width: 176px; background-color: #ffffff; text-align: center;\" align=\"center\" valign=\"middle\"><i class=\"fa fa-check-circle icon-success\" style=\"color: chartreuse;font-size: 27px !important;\"><\/i><\/td>\n    <td style=\"border: 1px solid rgba(0, 0, 0, 0.1); height: 3px; width: 176px; background-color: #ffffff; text-align: center;\" align=\"center\" valign=\"middle\"><i class=\"fa fa-times-circle icon-danger\" style=\"color: #e32222;font-size: 27px !important;\"><\/i><\/td>\n    <td style=\"border: 1px solid rgba(0, 0, 0, 0.1); height: 3px; width: 176px; background-color: #ffffff; text-align: center;\" align=\"center\" valign=\"middle\"><i class=\"fa fa-times-circle icon-danger\" style=\"color: #e32222;font-size: 27px !important;\"><\/i><\/td>\n    <td style=\"border: 1px solid rgba(0, 0, 0, 0.1); height: 3px; width: 176px; background-color: #ffffff; text-align: center;\" align=\"center\" valign=\"middle\"><i class=\"fa fa-times-circle icon-danger\" style=\"color: #e32222;font-size: 27px !important;\"><\/i><\/td>\n    <\/tr>\n    <tr style=\"border: 1px solid rgba(0, 0, 0, 0.1); height: 3px;\">\n    <td style=\"border: 1px solid rgba(0, 0, 0, 0.1); height: 3px; width: 30%; background-color: #f4f9fb; text-align: left;\" bgcolor=\"#CCCCCC\">Material promocional na pasta do evento<\/td>\n    <td style=\"border: 1px solid rgba(0, 0, 0, 0.1); height: 3px; width: 176px; background-color: #f4f9fb; text-align: center;\" align=\"center\" valign=\"middle\" bgcolor=\"#CCCCCC\"><i class=\"fa fa-check-circle icon-success\" style=\"color: chartreuse;font-size: 27px !important;\"><\/i><\/td>\n    <td style=\"border: 1px solid rgba(0, 0, 0, 0.1); height: 3px; width: 176px; background-color: #f4f9fb; text-align: center;\" align=\"center\" valign=\"middle\" bgcolor=\"#CCCCCC\"><i class=\"fa fa-check-circle icon-success\" style=\"color: chartreuse;font-size: 27px !important;\"><\/i><\/td>\n    <td style=\"border: 1px solid rgba(0, 0, 0, 0.1); height: 3px; width: 176px; background-color: #f4f9fb; text-align: center;\" align=\"center\" valign=\"middle\" bgcolor=\"#CCCCCC\"><i class=\"fa fa-check-circle icon-success\" style=\"color: chartreuse;font-size: 27px !important;\"><\/i><\/td>\n    <td style=\"border: 1px solid rgba(0, 0, 0, 0.1); height: 3px; width: 176px; background-color: #f4f9fb; text-align: center;\" align=\"center\" valign=\"middle\" bgcolor=\"#CCCCCC\"><i class=\"fa fa-check-circle icon-success\" style=\"color: chartreuse;font-size: 27px !important;\"><\/i><\/td>\n    <td style=\"border: 1px solid rgba(0, 0, 0, 0.1); height: 3px; width: 176px; background-color: #f4f9fb; text-align: center;\" align=\"center\" valign=\"middle\" bgcolor=\"#CCCCCC\"><i class=\"fa fa-check-circle icon-success\" style=\"color: chartreuse;font-size: 27px !important;\"><\/i><\/td>\n    <\/tr>\n    <tr style=\"border: 1px solid rgba(0, 0, 0, 0.1); height: 3px;\">\n    <td style=\"border: 1px solid rgba(0, 0, 0, 0.1); height: 3px; width: 30%; background-color: #ffffff; text-align: left;\">Espa\u00e7o para exposi\u00e7\u00e3o (EXPO METROLOGIA)<\/td>\n    <td style=\"border: 1px solid rgba(0, 0, 0, 0.1); height: 3px; width: 176px; background-color: #ffffff; text-align: center;\" align=\"center\" valign=\"middle\">15m\u00b2<\/td>\n    <td style=\"border: 1px solid rgba(0, 0, 0, 0.1); height: 3px; width: 176px; background-color: #ffffff; text-align: center;\" align=\"center\" valign=\"middle\">12m\u00b2<\/td>\n    <td style=\"border: 1px solid rgba(0, 0, 0, 0.1); height: 3px; width: 176px; background-color: #ffffff; text-align: center;\" align=\"center\" valign=\"middle\">9m\u00b2<\/td>\n    <td style=\"border: 1px solid rgba(0, 0, 0, 0.1); height: 3px; width: 176px; background-color: #ffffff; text-align: center;\" align=\"center\" valign=\"middle\">6m\u00b2<\/td>\n    <td style=\"border: 1px solid rgba(0, 0, 0, 0.1); height: 3px; width: 176px; background-color: #ffffff; text-align: center;\" align=\"center\" valign=\"middle\"><i class=\"fa fa-times-circle icon-danger\" style=\"color: #e32222;font-size: 27px !important;\"><\/i><\/td>\n    <\/tr>\n    <tr style=\"border: 1px solid rgba(0, 0, 0, 0.1); height: 3px;\">\n    <td style=\"border: 1px solid rgba(0, 0, 0, 0.1); height: 3px; width: 30%; background-color: #f4f9fb; text-align: left;\" bgcolor=\"#CCCCCC\">Logomarca na pasta do evento<\/td>\n    <td style=\"border: 1px solid rgba(0, 0, 0, 0.1); height: 3px; width: 176px; background-color: #f4f9fb; text-align: center;\" align=\"center\" valign=\"middle\" bgcolor=\"#CCCCCC\"><i class=\"fa fa-check-circle icon-success\" style=\"color: chartreuse;font-size: 27px !important;\"><\/i><\/td>\n    <td style=\"border: 1px solid rgba(0, 0, 0, 0.1); height: 3px; width: 176px; background-color: #f4f9fb; text-align: center;\" align=\"center\" valign=\"middle\" bgcolor=\"#CCCCCC\"><i class=\"fa fa-check-circle icon-success\" style=\"color: chartreuse;font-size: 27px !important;\"><\/i><\/td>\n    <td style=\"border: 1px solid rgba(0, 0, 0, 0.1); height: 3px; width: 176px; background-color: #f4f9fb; text-align: center;\" align=\"center\" valign=\"middle\" bgcolor=\"#CCCCCC\"><i class=\"fa fa-check-circle icon-success\" style=\"color: chartreuse;font-size: 27px !important;\"><\/i><\/td>\n    <td style=\"border: 1px solid rgba(0, 0, 0, 0.1); height: 3px; width: 176px; background-color: #f4f9fb; text-align: center;\" align=\"center\" valign=\"middle\" bgcolor=\"#CCCCCC\"><i class=\"fa fa-check-circle icon-success\" style=\"color: chartreuse;font-size: 27px !important;\"><\/i><\/td>\n    <td style=\"border: 1px solid rgba(0, 0, 0, 0.1); height: 3px; width: 176px; background-color: #f4f9fb; text-align: center;\" align=\"center\" valign=\"middle\" bgcolor=\"#CCCCCC\"><i class=\"fa fa-check-circle icon-success\" style=\"color: chartreuse;font-size: 27px !important;\"><\/i><\/td>\n    <\/tr>\n    <tr style=\"border: 1px solid rgba(0, 0, 0, 0.1); height: 3px;\">\n      <td style=\"border: 1px solid rgba(0, 0, 0, 0.1); height: 3px; width: 30%; background-color: #ffffff; text-align: left;\">Logomarca em todo material eletr\u00f4nico de divulga\u00e7\u00e3o<\/td>\n      <td style=\"border: 1px solid rgba(0, 0, 0, 0.1); height: 3px; width: 176px; background-color: #ffffff; text-align: center;\"><i class=\"fa fa-check-circle icon-success\" style=\"color: chartreuse;font-size: 27px !important;\"><\/i><\/td>\n      <td style=\"border: 1px solid rgba(0, 0, 0, 0.1); height: 3px; width: 176px; background-color: #ffffff; text-align: center;\"><i class=\"fa fa-check-circle icon-success\" style=\"color: chartreuse;font-size: 27px !important;\"><\/i><\/td>\n      <td style=\"border: 1px solid rgba(0, 0, 0, 0.1); height: 3px; width: 176px; background-color: #ffffff; text-align: center;\"><i class=\"fa fa-check-circle icon-success\" style=\"color: chartreuse;font-size: 27px !important;\"><\/i><\/td>\n      <td style=\"border: 1px solid rgba(0, 0, 0, 0.1); height: 3px; width: 176px; background-color: #ffffff; text-align: center;\"><i class=\"fa fa-check-circle icon-success\" style=\"color: chartreuse;font-size: 27px !important;\"><\/i><\/td>\n      <td style=\"border: 1px solid rgba(0, 0, 0, 0.1); height: 3px; width: 176px; background-color: #ffffff; text-align: center;\"><i class=\"fa fa-check-circle icon-success\" style=\"color: chartreuse;font-size: 27px !important;\"><\/i><\/td>\n    <\/tr>\n    <tr style=\"border: 1px solid rgba(0, 0, 0, 0.1); height: 3px;\">\n    <td style=\"border: 1px solid rgba(0, 0, 0, 0.1); height: 3px; width: 30%; background-color: #ebeef1; text-align: left;\"><strong>Inscri\u00e7\u00f5es gratuitas no congresso<\/strong><\/td>\n    <td style=\"border: 1px solid rgba(0, 0, 0, 0.1); height: 3px; width: 176px; background-color: #ebeef1; text-align: center;\"><strong>15 inscri\u00e7\u00f5es<\/strong><\/td>\n    <td style=\"border: 1px solid rgba(0, 0, 0, 0.1); height: 3px; width: 176px; background-color: #ebeef1; text-align: center;\"><strong>10 inscri\u00e7\u00f5es<\/strong><\/td>\n    <td style=\"border: 1px solid rgba(0, 0, 0, 0.1); height: 3px; width: 176px; background-color: #ebeef1; text-align: center;\"><strong>5 inscri\u00e7\u00f5es<\/strong><\/td>\n    <td style=\"border: 1px solid rgba(0, 0, 0, 0.1); height: 3px; width: 176px; background-color: #ebeef1; text-align: center;\"><strong>2 inscri\u00e7\u00f5es<\/strong><\/td>\n    <td style=\"border: 1px solid rgba(0, 0, 0, 0.1); height: 3px; width: 176px; background-color: #ebeef1; text-align: center;\"><i class=\"fa fa-times-circle icon-danger\" style=\"color: #e32222;font-size: 27px !important;\"><\/i><\/td>\n    <\/tr>\n    <\/tbody>\n    <\/table>\n   \n    \n    <\/div>\n    <\/div>\t\t\t\t\t\t<\/div>\n\t\t\t\t<\/div>\n\t\t\t\t<div class=\"elementor-element elementor-element-839893a elementor-widget elementor-widget-text-editor\" data-id=\"839893a\" data-element_type=\"widget\" data-widget_type=\"text-editor.default\">\n\t\t\t\t<div class=\"elementor-widget-container\">\n\t\t\t\t\t\t\t<h4>&nbsp;<\/h4>\n<h4><b>Apoiador Institucional: <\/b><\/h4>\n<div>Entende-se por apoiador do METROLOGIA 2023, institui\u00e7\u00f5es sem fins lucrativos ou governamentais interessadas em apoiar o evento sem recursos financeiros. O apoiador dever\u00e1 divulgar o evento, utilizando seu e-mail de marketing e\/ou outros meios de divulga\u00e7\u00e3o.<br><br>As organiza\u00e7\u00f5es que colaborarem na categoria apoiador institucional ter\u00e3o sua logomarca no site do congresso.<br><\/div><div><br style=\"color: rgb(34, 34, 34); font-family: Arial, Helvetica, sans-serif; font-size: small;\"><\/div>\n<h4><b>Contato:<\/b><\/h4>\t\t\t\t\t\t<\/div>\n\t\t\t\t<\/div>\n\t\t\t\t<div class=\"elementor-element elementor-element-46daf29 elementor-icon-list--layout-traditional elementor-list-item-link-full_width elementor-widget elementor-widget-icon-list\" data-id=\"46daf29\" data-element_type=\"widget\" data-widget_type=\"icon-list.default\">\n\t\t\t\t<div class=\"elementor-widget-container\">\n\t\t\t<link rel=\"stylesheet\" href=\"https:\/\/metrologia2023.org.br\/wp-content\/plugins\/elementor\/assets\/css\/widget-icon-list.min.css\">\t\t<ul class=\"elementor-icon-list-items\">\n\t\t\t\t\t\t\t<li class=\"elementor-icon-list-item\">\n\t\t\t\t\t\t\t\t\t\t\t<a href=\"http:\/\/api.whatsapp.com\/send?phone=5522997011466\">\n\n\t\t\t\t\t\t\t\t\t\t\t\t<span class=\"elementor-icon-list-icon\">\n\t\t\t\t\t\t\t<svg aria-hidden=\"true\" class=\"e-font-icon-svg e-fab-whatsapp\" viewBox=\"0 0 448 512\" xmlns=\"http:\/\/www.w3.org\/2000\/svg\"><path d=\"M380.9 97.1C339 55.1 283.2 32 223.9 32c-122.4 0-222 99.6-222 222 0 39.1 10.2 77.3 29.6 111L0 480l117.7-30.9c32.4 17.7 68.9 27 106.1 27h.1c122.3 0 224.1-99.6 224.1-222 0-59.3-25.2-115-67.1-157zm-157 341.6c-33.2 0-65.7-8.9-94-25.7l-6.7-4-69.8 18.3L72 359.2l-4.4-7c-18.5-29.4-28.2-63.3-28.2-98.2 0-101.7 82.8-184.5 184.6-184.5 49.3 0 95.6 19.2 130.4 54.1 34.8 34.9 56.2 81.2 56.1 130.5 0 101.8-84.9 184.6-186.6 184.6zm101.2-138.2c-5.5-2.8-32.8-16.2-37.9-18-5.1-1.9-8.8-2.8-12.5 2.8-3.7 5.6-14.3 18-17.6 21.8-3.2 3.7-6.5 4.2-12 1.4-32.6-16.3-54-29.1-75.5-66-5.7-9.8 5.7-9.1 16.3-30.3 1.8-3.7.9-6.9-.5-9.7-1.4-2.8-12.5-30.1-17.1-41.2-4.5-10.8-9.1-9.3-12.5-9.5-3.2-.2-6.9-.2-10.6-.2-3.7 0-9.7 1.4-14.8 6.9-5.1 5.6-19.4 19-19.4 46.3 0 27.3 19.9 53.7 22.6 57.4 2.8 3.7 39.1 59.7 94.8 83.8 35.2 15.2 49 16.5 66.6 13.9 10.7-1.6 32.8-13.4 37.4-26.4 4.6-13 4.6-24.1 3.2-26.4-1.3-2.5-5-3.9-10.5-6.6z\"><\/path><\/svg>\t\t\t\t\t\t<\/span>\n\t\t\t\t\t\t\t\t\t\t<span class=\"elementor-icon-list-text\">(22) 99701-1466<\/span>\n\t\t\t\t\t\t\t\t\t\t\t<\/a>\n\t\t\t\t\t\t\t\t\t<\/li>\n\t\t\t\t\t\t\t\t<li class=\"elementor-icon-list-item\">\n\t\t\t\t\t\t\t\t\t\t\t<a href=\"mailto:eventos@metrologia.org.br\">\n\n\t\t\t\t\t\t\t\t\t\t\t\t<span class=\"elementor-icon-list-icon\">\n\t\t\t\t\t\t\t<svg aria-hidden=\"true\" class=\"e-font-icon-svg e-fas-mail-bulk\" viewBox=\"0 0 576 512\" xmlns=\"http:\/\/www.w3.org\/2000\/svg\"><path d=\"M160 448c-25.6 0-51.2-22.4-64-32-64-44.8-83.2-60.8-96-70.4V480c0 17.67 14.33 32 32 32h256c17.67 0 32-14.33 32-32V345.6c-12.8 9.6-32 25.6-96 70.4-12.8 9.6-38.4 32-64 32zm128-192H32c-17.67 0-32 14.33-32 32v16c25.6 19.2 22.4 19.2 115.2 86.4 9.6 6.4 28.8 25.6 44.8 25.6s35.2-19.2 44.8-22.4c92.8-67.2 89.6-67.2 115.2-86.4V288c0-17.67-14.33-32-32-32zm256-96H224c-17.67 0-32 14.33-32 32v32h96c33.21 0 60.59 25.42 63.71 57.82l.29-.22V416h192c17.67 0 32-14.33 32-32V192c0-17.67-14.33-32-32-32zm-32 128h-64v-64h64v64zm-352-96c0-35.29 28.71-64 64-64h224V32c0-17.67-14.33-32-32-32H96C78.33 0 64 14.33 64 32v192h96v-32z\"><\/path><\/svg>\t\t\t\t\t\t<\/span>\n\t\t\t\t\t\t\t\t\t\t<span class=\"elementor-icon-list-text\">eventos@metrologia.org.br<\/span>\n\t\t\t\t\t\t\t\t\t\t\t<\/a>\n\t\t\t\t\t\t\t\t\t<\/li>\n\t\t\t\t\t\t<\/ul>\n\t\t\t\t<\/div>\n\t\t\t\t<\/div>\n\t\t\t\t<div class=\"elementor-element elementor-element-36783d7 elementor-button-warning elementor-widget elementor-widget-button\" data-id=\"36783d7\" data-element_type=\"widget\" data-settings=\"{&quot;_animation&quot;:&quot;none&quot;}\" data-widget_type=\"button.default\">\n\t\t\t\t<div class=\"elementor-widget-container\">\n\t\t\t\t\t<div class=\"elementor-button-wrapper\">\n\t\t\t<a class=\"elementor-button elementor-button-link elementor-size-lg elementor-animation-shrink\" href=\"https:\/\/metrologia2023.org.br\/wp-content\/uploads\/2023\/09\/PLANOS-DE-PATROCINIO.pdf\" target=\"_blank\">\n\t\t\t\t\t\t<span class=\"elementor-button-content-wrapper\">\n\t\t\t\t\t\t<span class=\"elementor-button-icon elementor-align-icon-left\">\n\t\t\t\t<svg aria-hidden=\"true\" class=\"e-font-icon-svg e-far-file-pdf\" viewBox=\"0 0 384 512\" xmlns=\"http:\/\/www.w3.org\/2000\/svg\"><path d=\"M369.9 97.9L286 14C277 5 264.8-.1 252.1-.1H48C21.5 0 0 21.5 0 48v416c0 26.5 21.5 48 48 48h288c26.5 0 48-21.5 48-48V131.9c0-12.7-5.1-25-14.1-34zM332.1 128H256V51.9l76.1 76.1zM48 464V48h160v104c0 13.3 10.7 24 24 24h104v288H48zm250.2-143.7c-12.2-12-47-8.7-64.4-6.5-17.2-10.5-28.7-25-36.8-46.3 3.9-16.1 10.1-40.6 5.4-56-4.2-26.2-37.8-23.6-42.6-5.9-4.4 16.1-.4 38.5 7 67.1-10 23.9-24.9 56-35.4 74.4-20 10.3-47 26.2-51 46.2-3.3 15.8 26 55.2 76.1-31.2 22.4-7.4 46.8-16.5 68.4-20.1 18.9 10.2 41 17 55.8 17 25.5 0 28-28.2 17.5-38.7zm-198.1 77.8c5.1-13.7 24.5-29.5 30.4-35-19 30.3-30.4 35.7-30.4 35zm81.6-190.6c7.4 0 6.7 32.1 1.8 40.8-4.4-13.9-4.3-40.8-1.8-40.8zm-24.4 136.6c9.7-16.9 18-37 24.7-54.7 8.3 15.1 18.9 27.2 30.1 35.5-20.8 4.3-38.9 13.1-54.8 19.2zm131.6-5s-5 6-37.3-7.8c35.1-2.6 40.9 5.4 37.3 7.8z\"><\/path><\/svg>\t\t\t<\/span>\n\t\t\t\t\t\t<span class=\"elementor-button-text\">PLANO DE CAPTA\u00c7\u00c3O<\/span>\n\t\t<\/span>\n\t\t\t\t\t<\/a>\n\t\t<\/div>\n\t\t\t\t<\/div>\n\t\t\t\t<\/div>\n\t\t\t\t\t<\/div>\n\t\t<\/div>\n\t\t\t\t\t\t\t<\/div>\n\t\t<\/section>\n\t\t\t\t\t\t\t<\/div>\n\t\t","protected":false},"excerpt":{"rendered":"<p>Como Funciona O Metrologia 2023 reunir\u00e1 pesquisadores, representantes de institui\u00e7\u00f5es nacionais e internacionais que estudam e trabalham em tecnologias e produtos da metrologia e da avalia\u00e7\u00e3o de conformidade. Entre os participantes encontram-se tamb\u00e9m representantes dos mais diversos setores como:\u00a0agroindu\u0301stria, alimentos, biotecnologia, bioengenharia, dureza, el\u00e9trica, engenharia, f\u00edsica, for\u00e7a, forense, massa, metal\u00fargico, qu\u00edmica, \u00f3ptica, petr\u00f3leo e g\u00e1s,&#8230;<\/p>\n","protected":false},"author":1,"featured_media":0,"parent":0,"menu_order":0,"comment_status":"closed","ping_status":"closed","template":"","meta":{"_monsterinsights_skip_tracking":false,"_monsterinsights_sitenote_active":false,"_monsterinsights_sitenote_note":"","_monsterinsights_sitenote_category":0},"_links":{"self":[{"href":"https:\/\/metrologia2023.org.br\/index.php?rest_route=\/wp\/v2\/pages\/550"}],"collection":[{"href":"https:\/\/metrologia2023.org.br\/index.php?rest_route=\/wp\/v2\/pages"}],"about":[{"href":"https:\/\/metrologia2023.org.br\/index.php?rest_route=\/wp\/v2\/types\/page"}],"author":[{"embeddable":true,"href":"https:\/\/metrologia2023.org.br\/index.php?rest_route=\/wp\/v2\/users\/1"}],"replies":[{"embeddable":true,"href":"https:\/\/metrologia2023.org.br\/index.php?rest_route=%2Fwp%2Fv2%2Fcomments&post=550"}],"version-history":[{"count":71,"href":"https:\/\/metrologia2023.org.br\/index.php?rest_route=\/wp\/v2\/pages\/550\/revisions"}],"predecessor-version":[{"id":4998,"href":"https:\/\/metrologia2023.org.br\/index.php?rest_route=\/wp\/v2\/pages\/550\/revisions\/4998"}],"wp:attachment":[{"href":"https:\/\/metrologia2023.org.br\/index.php?rest_route=%2Fwp%2Fv2%2Fmedia&parent=550"}],"curies":[{"name":"wp","href":"https:\/\/api.w.org\/{rel}","templated":true}]}}