{"id":548,"date":"2018-06-21T06:47:43","date_gmt":"2018-06-21T06:47:43","guid":{"rendered":"https:\/\/metrologia2023.org.br\/?page_id=548"},"modified":"2023-03-02T10:21:59","modified_gmt":"2023-03-02T13:21:59","slug":"contact","status":"publish","type":"page","link":"https:\/\/metrologia2023.org.br\/?page_id=548","title":{"rendered":"Contato"},"content":{"rendered":"\t\t<div data-elementor-type=\"wp-post\" data-elementor-id=\"548\" class=\"elementor elementor-548\">\n\t\t\t\t\t\t\t\t\t<div class=\"elementor-section elementor-top-section elementor-element elementor-element-4b54715 elementor-section-boxed elementor-section-height-default elementor-section-height-default\" data-id=\"4b54715\" data-element_type=\"section\" data-settings=\"{&quot;_ha_eqh_enable&quot;:false}\">\n\t\t\t\t\t\t<div class=\"elementor-container elementor-column-gap-default\">\n\t\t\t\t\t<div class=\"elementor-column elementor-col-50 elementor-top-column elementor-element elementor-element-f8ef8e0\" data-id=\"f8ef8e0\" data-element_type=\"column\">\n\t\t\t<div class=\"elementor-widget-wrap elementor-element-populated\">\n\t\t\t\t\t\t\t\t<div class=\"elementor-element elementor-element-6e6fd4a elementor-widget elementor-widget-rt-title\" data-id=\"6e6fd4a\" data-element_type=\"widget\" data-widget_type=\"rt-title.default\">\n\t\t\t\t<div class=\"elementor-widget-container\">\n\t\t\t<div class=\"rt-el-title section-heading style4\">\t\r\n        <h3 class=\"rtin-title title-bold color-dark title-bar\">SBM - Sociedade Brasileira de Metrologia<\/h3>\t\r\n<\/div>\r\n\t\t<\/div>\n\t\t\t\t<\/div>\n\t\t\t\t<div class=\"elementor-element elementor-element-f2fc4ff elementor-widget elementor-widget-text-editor\" data-id=\"f2fc4ff\" data-element_type=\"widget\" data-widget_type=\"text-editor.default\">\n\t\t\t\t<div class=\"elementor-widget-container\">\n\t\t\t<style>\/*! elementor - v3.17.0 - 18-10-2023 *\/\n.elementor-widget-text-editor.elementor-drop-cap-view-stacked .elementor-drop-cap{background-color:#69727d;color:#fff}.elementor-widget-text-editor.elementor-drop-cap-view-framed .elementor-drop-cap{color:#69727d;border:3px solid;background-color:transparent}.elementor-widget-text-editor:not(.elementor-drop-cap-view-default) .elementor-drop-cap{margin-top:8px}.elementor-widget-text-editor:not(.elementor-drop-cap-view-default) .elementor-drop-cap-letter{width:1em;height:1em}.elementor-widget-text-editor .elementor-drop-cap{float:left;text-align:center;line-height:1;font-size:50px}.elementor-widget-text-editor .elementor-drop-cap-letter{display:inline-block}<\/style>\t\t\t\t<div class=\"wpb_text_column wpb_content_element \"><div class=\"wpb_wrapper\"><p>A Sociedade Brasileira de Metrologia \u00e9 uma associa\u00e7\u00e3o de direito privado, sem fins lucrativos e econ\u00f4micos, fundada em 17 de agosto de 1995, congregando profissionais e organiza\u00e7\u00f5es interessados no desenvolvimento e fortalecimento da metrologia brasileira, em sintonia com modernas pr\u00e1ticas e tend\u00eancias internacionais.<\/p><p>A sede f\u00edsica da SBM est\u00e1 localizada na Rua Nilo Pe\u00e7anha, 50, sala 2512, no Centro do Rio de Janeiro.<\/p><p><strong>COMISS\u00c3O ORGANIZADORA<\/strong><\/p><ul><li>Am\u00e9rico Trist\u00e3o Bernardes (UFOP\/SBM) \u2013 Presidente<\/li><li>Alexandre Mendes (IFRJ\/SBM)<\/li><li>Aurea Valadares (Inmetro) \u2013 Coordenadora da Remeq-I<\/li><li>Daniel Louzada (PUC \u2013 RJ) \u2013 coordenador CIMMEC<\/li><li>Iakyra B Couceiro (Inmetro) \u2013 coordenadora CBMO<\/li><li>Jos\u00e9 Guilherme P.Peixoto (IRD) \u2013 coordenador CBMRI<\/li><li>Jose Mauro Granjeiro (Inmetro)<\/li><li>Rodrigo Pereira Barretto da Costa Felix (Inmetro\/SBM)<\/li><li>Thais Medeiros Rodrigues (SBM)<\/li><li>Vanderl\u00e9a de Souza (Inmetro)<\/li><\/ul><\/div><\/div><div class=\"vc_empty_space\" style=\"height: 1px;\">\u00a0<\/div>\t\t\t\t\t\t<\/div>\n\t\t\t\t<\/div>\n\t\t\t\t<div class=\"elementor-element elementor-element-802f37d elementor-widget elementor-widget-rt-title\" data-id=\"802f37d\" data-element_type=\"widget\" data-widget_type=\"rt-title.default\">\n\t\t\t\t<div class=\"elementor-widget-container\">\n\t\t\t<div class=\"rt-el-title section-heading style4\">\t\r\n        <h3 class=\"rtin-title title-bold color-dark title-bar\">Envie sua d\u00favida<\/h3>\t\r\n<\/div>\r\n\t\t<\/div>\n\t\t\t\t<\/div>\n\t\t\t\t<div class=\"elementor-element elementor-element-ce3189b elementor-widget elementor-widget-text-editor\" data-id=\"ce3189b\" data-element_type=\"widget\" data-widget_type=\"text-editor.default\">\n\t\t\t\t<div class=\"elementor-widget-container\">\n\t\t\t\t\t\t\t<iframe style=\"width: 98%; height: 800px; border: none; margin-top: 20px;\" src=\"https:\/\/metrologia.org.br\/form\/form-contato\/\" frameborder=\"0\" scrolling=\"yes\" align=\"middle\"><\/iframe>\t\t\t\t\t\t<\/div>\n\t\t\t\t<\/div>\n\t\t\t\t\t<\/div>\n\t\t<\/div>\n\t\t\t\t<div class=\"elementor-column elementor-col-50 elementor-top-column elementor-element elementor-element-3869765\" data-id=\"3869765\" data-element_type=\"column\">\n\t\t\t<div class=\"elementor-widget-wrap elementor-element-populated\">\n\t\t\t\t\t\t\t\t<div class=\"elementor-element elementor-element-6fd65af elementor-widget elementor-widget-rt-title\" data-id=\"6fd65af\" data-element_type=\"widget\" data-widget_type=\"rt-title.default\">\n\t\t\t\t<div class=\"elementor-widget-container\">\n\t\t\t<div class=\"rt-el-title section-heading style4\">\t\r\n        <h3 class=\"rtin-title title-bold color-dark title-bar\">Entre em contato conosco!<\/h3>\t\r\n<\/div>\r\n\t\t<\/div>\n\t\t\t\t<\/div>\n\t\t\t\t<div class=\"elementor-element elementor-element-7a27610 elementor-widget elementor-widget-rt-contact\" data-id=\"7a27610\" data-element_type=\"widget\" data-widget_type=\"rt-contact.default\">\n\t\t\t\t<div class=\"elementor-widget-container\">\n\t\t\t<div class=\"rt-el-contact\">\r\n\t<ul>\r\n\t\t<li><i class=\"fa fa-phone\" aria-hidden=\"true\"><\/i> <a href=\"tel:(22) 99701-1466 \">(22) 99701-1466 <\/a><\/li><li><i class=\"fa fa-envelope-o\" aria-hidden=\"true\"><\/i> <a href=\"mailto:eventos@metrologia.org.br\">eventos@metrologia.org.br<\/a><\/li>\t<\/ul>\r\n<\/div>\t\t<\/div>\n\t\t\t\t<\/div>\n\t\t\t\t<div class=\"elementor-element elementor-element-b4cd9e2 elementor-widget elementor-widget-rt-title\" data-id=\"b4cd9e2\" data-element_type=\"widget\" data-widget_type=\"rt-title.default\">\n\t\t\t\t<div class=\"elementor-widget-container\">\n\t\t\t<div class=\"rt-el-title section-heading style4\">\t\r\n        <h3 class=\"rtin-title title-bold color-dark title-bar\">Conhe\u00e7a o local <\/h3>\t\r\n<\/div>\r\n\t\t<\/div>\n\t\t\t\t<\/div>\n\t\t\t\t<div class=\"elementor-element elementor-element-90c570d elementor-widget elementor-widget-text-editor\" data-id=\"90c570d\" data-element_type=\"widget\" data-widget_type=\"text-editor.default\">\n\t\t\t\t<div class=\"elementor-widget-container\">\n\t\t\t\t\t\t\t<p>Fa\u00e7a um tour virtual pelo Centro de Conven\u00e7\u00f5es.<\/p><p>\u00a0<\/p>\t\t\t\t\t\t<\/div>\n\t\t\t\t<\/div>\n\t\t\t\t<div class=\"elementor-element elementor-element-b793f71 elementor-button-warning elementor-widget elementor-widget-button\" data-id=\"b793f71\" data-element_type=\"widget\" data-settings=\"{&quot;_animation&quot;:&quot;none&quot;}\" data-widget_type=\"button.default\">\n\t\t\t\t<div class=\"elementor-widget-container\">\n\t\t\t\t\t<div class=\"elementor-button-wrapper\">\n\t\t\t<a class=\"elementor-button elementor-button-link elementor-size-lg elementor-animation-shrink\" href=\"https:\/\/my.matterport.com\/show\/?m=Pr6QaiB6GJR\" target=\"_blank\">\n\t\t\t\t\t\t<span class=\"elementor-button-content-wrapper\">\n\t\t\t\t\t\t<span class=\"elementor-button-icon elementor-align-icon-left\">\n\t\t\t\t<i aria-hidden=\"true\" class=\"hm hm-3d-rotate\"><\/i>\t\t\t<\/span>\n\t\t\t\t\t\t<span class=\"elementor-button-text\">Centro de Conven\u00e7\u00f5es<\/span>\n\t\t<\/span>\n\t\t\t\t\t<\/a>\n\t\t<\/div>\n\t\t\t\t<\/div>\n\t\t\t\t<\/div>\n\t\t\t\t\t<\/div>\n\t\t<\/div>\n\t\t\t\t\t\t\t<\/div>\n\t\t<\/div>\n\t\t\t\t<div class=\"elementor-section elementor-top-section elementor-element elementor-element-435fd62 elementor-section-stretched elementor-section-full_width elementor-section-height-default elementor-section-height-default\" data-id=\"435fd62\" data-element_type=\"section\" data-settings=\"{&quot;stretch_section&quot;:&quot;section-stretched&quot;,&quot;_ha_eqh_enable&quot;:false}\">\n\t\t\t\t\t\t<div class=\"elementor-container elementor-column-gap-default\">\n\t\t\t\t\t<div class=\"elementor-column elementor-col-100 elementor-top-column elementor-element elementor-element-9c0628d\" data-id=\"9c0628d\" data-element_type=\"column\">\n\t\t\t<div class=\"elementor-widget-wrap elementor-element-populated\">\n\t\t\t\t\t\t\t\t<div class=\"elementor-element elementor-element-4df3a92 elementor-widget elementor-widget-text-editor\" data-id=\"4df3a92\" data-element_type=\"widget\" data-widget_type=\"text-editor.default\">\n\t\t\t\t<div class=\"elementor-widget-container\">\n\t\t\t\t\t\t\t<iframe src=\"https:\/\/www.google.com\/maps\/embed?pb=!1m14!1m8!1m3!1d14754.228248841235!2d-43.1377264!3d-22.4080496!3m2!1i1024!2i768!4f13.1!3m3!1m2!1s0x99aa53a0a92b85%3A0x156f6c2bbcfd505f!2sHotel%20Granja%20Brasil%20Resort!5e0!3m2!1spt-BR!2sbr!4v1675407254293!5m2!1spt-BR!2sbr\" width=\"600\" height=\"450\" style=\"border:0;\" allowfullscreen=\"\" loading=\"lazy\" referrerpolicy=\"no-referrer-when-downgrade\"><\/iframe>\t\t\t\t\t\t<\/div>\n\t\t\t\t<\/div>\n\t\t\t\t\t<\/div>\n\t\t<\/div>\n\t\t\t\t\t\t\t<\/div>\n\t\t<\/div>\n\t\t\t\t\t\t\t<\/div>\n\t\t","protected":false},"excerpt":{"rendered":"<p>SBM &#8211; Sociedade Brasileira de Metrologia A Sociedade Brasileira de Metrologia \u00e9 uma associa\u00e7\u00e3o de direito privado, sem fins lucrativos e econ\u00f4micos, fundada em 17 de agosto de 1995, congregando profissionais e organiza\u00e7\u00f5es interessados no desenvolvimento e fortalecimento da metrologia brasileira, em sintonia com modernas pr\u00e1ticas e tend\u00eancias internacionais. A sede f\u00edsica da SBM est\u00e1&#8230;<\/p>\n","protected":false},"author":1,"featured_media":0,"parent":0,"menu_order":0,"comment_status":"closed","ping_status":"closed","template":"","meta":{"_monsterinsights_skip_tracking":false,"_monsterinsights_sitenote_active":false,"_monsterinsights_sitenote_note":"","_monsterinsights_sitenote_category":0},"_links":{"self":[{"href":"https:\/\/metrologia2023.org.br\/index.php?rest_route=\/wp\/v2\/pages\/548"}],"collection":[{"href":"https:\/\/metrologia2023.org.br\/index.php?rest_route=\/wp\/v2\/pages"}],"about":[{"href":"https:\/\/metrologia2023.org.br\/index.php?rest_route=\/wp\/v2\/types\/page"}],"author":[{"embeddable":true,"href":"https:\/\/metrologia2023.org.br\/index.php?rest_route=\/wp\/v2\/users\/1"}],"replies":[{"embeddable":true,"href":"https:\/\/metrologia2023.org.br\/index.php?rest_route=%2Fwp%2Fv2%2Fcomments&post=548"}],"version-history":[{"count":31,"href":"https:\/\/metrologia2023.org.br\/index.php?rest_route=\/wp\/v2\/pages\/548\/revisions"}],"predecessor-version":[{"id":3998,"href":"https:\/\/metrologia2023.org.br\/index.php?rest_route=\/wp\/v2\/pages\/548\/revisions\/3998"}],"wp:attachment":[{"href":"https:\/\/metrologia2023.org.br\/index.php?rest_route=%2Fwp%2Fv2%2Fmedia&parent=548"}],"curies":[{"name":"wp","href":"https:\/\/api.w.org\/{rel}","templated":true}]}}