{"id":4959,"date":"2023-08-29T15:47:57","date_gmt":"2023-08-29T18:47:57","guid":{"rendered":"https:\/\/metrologia2023.org.br\/?page_id=4959"},"modified":"2024-02-28T10:33:26","modified_gmt":"2024-02-28T13:33:26","slug":"comite-organizador-metrologia-2023","status":"publish","type":"page","link":"https:\/\/metrologia2023.org.br\/?page_id=4959","title":{"rendered":"Comit\u00ea Organizador &#8211; Metrologia 2023"},"content":{"rendered":"\t\t<div data-elementor-type=\"wp-post\" data-elementor-id=\"4959\" class=\"elementor elementor-4959\">\n\t\t\t\t\t\t\t\t\t<section class=\"elementor-section elementor-top-section elementor-element elementor-element-a859281 elementor-section-stretched elementor-section-boxed elementor-section-height-default elementor-section-height-default\" data-id=\"a859281\" data-element_type=\"section\" data-settings=\"{&quot;stretch_section&quot;:&quot;section-stretched&quot;,&quot;background_background&quot;:&quot;classic&quot;,&quot;_ha_eqh_enable&quot;:false}\">\n\t\t\t\t\t\t\t<div class=\"elementor-background-overlay\"><\/div>\n\t\t\t\t\t\t\t<div class=\"elementor-container elementor-column-gap-no\">\n\t\t\t\t\t<div class=\"elementor-column elementor-col-100 elementor-top-column elementor-element elementor-element-7423d02\" data-id=\"7423d02\" data-element_type=\"column\">\n\t\t\t<div class=\"elementor-widget-wrap elementor-element-populated\">\n\t\t\t\t\t\t\t\t<div class=\"elementor-element elementor-element-8b85942 elementor-widget elementor-widget-rt-title\" data-id=\"8b85942\" data-element_type=\"widget\" data-widget_type=\"rt-title.default\">\n\t\t\t\t<div class=\"elementor-widget-container\">\n\t\t\t<div class=\"rt-el-title section-heading style4\">\t\r\n        <h3 class=\"rtin-title title-bold color-dark title-bar\">Comit\u00ea Organizador - METROLOGIA 2023<\/h3>\t\r\n<\/div>\r\n\t\t<\/div>\n\t\t\t\t<\/div>\n\t\t\t\t<div class=\"elementor-element elementor-element-79b1f04 elementor-button-warning elementor-align-right elementor-widget elementor-widget-button\" data-id=\"79b1f04\" data-element_type=\"widget\" data-settings=\"{&quot;_animation&quot;:&quot;none&quot;}\" data-widget_type=\"button.default\">\n\t\t\t\t<div class=\"elementor-widget-container\">\n\t\t\t\t\t<div class=\"elementor-button-wrapper\">\n\t\t\t<a class=\"elementor-button elementor-button-link elementor-size-sm elementor-animation-shrink\" href=\"https:\/\/metrologia2023.org.br\/\">\n\t\t\t\t\t\t<span class=\"elementor-button-content-wrapper\">\n\t\t\t\t\t\t<span class=\"elementor-button-icon elementor-align-icon-left\">\n\t\t\t\t<svg aria-hidden=\"true\" class=\"e-font-icon-svg e-fas-arrow-left\" viewBox=\"0 0 448 512\" xmlns=\"http:\/\/www.w3.org\/2000\/svg\"><path d=\"M257.5 445.1l-22.2 22.2c-9.4 9.4-24.6 9.4-33.9 0L7 273c-9.4-9.4-9.4-24.6 0-33.9L201.4 44.7c9.4-9.4 24.6-9.4 33.9 0l22.2 22.2c9.5 9.5 9.3 25-.4 34.3L136.6 216H424c13.3 0 24 10.7 24 24v32c0 13.3-10.7 24-24 24H136.6l120.5 114.8c9.8 9.3 10 24.8.4 34.3z\"><\/path><\/svg>\t\t\t<\/span>\n\t\t\t\t\t\t<span class=\"elementor-button-text\">VOLTAR<\/span>\n\t\t<\/span>\n\t\t\t\t\t<\/a>\n\t\t<\/div>\n\t\t\t\t<\/div>\n\t\t\t\t<\/div>\n\t\t\t\t<div class=\"elementor-element elementor-element-4b8c3eb elementor-widget elementor-widget-text-editor\" data-id=\"4b8c3eb\" data-element_type=\"widget\" data-widget_type=\"text-editor.default\">\n\t\t\t\t<div class=\"elementor-widget-container\">\n\t\t\t<style>\/*! elementor - v3.17.0 - 18-10-2023 *\/\n.elementor-widget-text-editor.elementor-drop-cap-view-stacked .elementor-drop-cap{background-color:#69727d;color:#fff}.elementor-widget-text-editor.elementor-drop-cap-view-framed .elementor-drop-cap{color:#69727d;border:3px solid;background-color:transparent}.elementor-widget-text-editor:not(.elementor-drop-cap-view-default) .elementor-drop-cap{margin-top:8px}.elementor-widget-text-editor:not(.elementor-drop-cap-view-default) .elementor-drop-cap-letter{width:1em;height:1em}.elementor-widget-text-editor .elementor-drop-cap{float:left;text-align:center;line-height:1;font-size:50px}.elementor-widget-text-editor .elementor-drop-cap-letter{display:inline-block}<\/style>\t\t\t\t<p><!--[endif]--><!--[endif]--><\/p><table style=\"border-collapse: collapse; table-layout: fixed; width: 90%; margin: 0 auto !important;\" border=\"0\" width=\"382\" cellspacing=\"0\" cellpadding=\"0\">\n<colgroup>\n<col style=\"mso-width-source: userset; mso-width-alt: 7094; width: 146pt;\" width=\"194\">\n<col style=\"mso-width-source: userset; mso-width-alt: 3437; width: 71pt;\" width=\"94\"> <\/colgroup>\n<tbody>\n<tr style=\"height: 30.0pt; background-color: #005a8d; color: white;\">\n<td style=\"height: 30.0pt; width: 146pt;\" width=\"194\" height=\"40\">Nome<span style=\"mso-spacerun: yes;\">&nbsp;<\/span><\/td>\n<td style=\"border-left: none; width: 71pt;\" width=\"94\"><span style=\"border-left: none; width: 71pt;\">Institu\u00e7\u00e3o<\/span><\/td>\n<td style=\"border-left: none; width: 71pt;\" width=\"94\"><span style=\"border-left: none; width: 71pt;\"><span style=\"border-left: none; width: 71pt;\">Atividade<\/span><\/span><\/td>\n<\/tr>\n<tr style=\"height: 25.5pt;\">\n<td style=\"height: 25.5pt; border-top: none;\" height=\"34\">Am\u00e9rico Trist\u00e3o Bernardes<\/td>\n<td style=\"border-top: none; border-left: none; width: 71pt;\" width=\"94\"><span style=\"border-top: none; border-left: none; width: 71pt;\"><span style=\"height: 25.5pt; border-top: none;\">UFOP\/SBM<\/span><\/span><\/td>\n<td style=\"border-top: none; border-left: none; width: 71pt;\" width=\"94\">Presidente<\/td>\n<\/tr>\n<tr style=\"height: 25.5pt;\">\n<td style=\"height: 25.5pt; border-top: none;\" height=\"34\">Alexandre Mendes <br>    <br><\/td>\n<td style=\"border-top: none; border-left: none; width: 71pt;\"><span style=\"height: 25.5pt; border-top: none;\">IFRJ\/SBM<\/span><\/td>\n<td style=\"border-top: none; border-left: none; width: 71pt;\">&nbsp;Coordenador CBM<\/td>\n<\/tr>\n<tr style=\"height: 25.5pt;\">\n<td style=\"height: 25.5pt; border-top: none;\" height=\"34\"><span style=\"height: 25.5pt; border-top: none;\">Aurea Valadares Folgueras Flatschart<\/span><\/td>\n<td style=\"border-top: none; border-left: none; width: 71pt;\"><span style=\"height: 25.5pt; border-top: none;\"><span style=\"height: 25.5pt; border-top: none;\"> Inmetro <\/span><\/span><\/td>\n<td style=\"border-top: none; border-left: none; width: 71pt;\"><span style=\"height: 25.5pt; border-top: none;\"><span style=\"height: 25.5pt; border-top: none;\"> Coordenadora da Remeq-I<\/span><\/span><\/td>\n<\/tr>\n<tr style=\"height: 25.5pt;\">\n<td style=\"height: 25.5pt; border-top: none;\" height=\"34\"><span style=\"height: 25.5pt; border-top: none;\">Carlos Henrique Sim\u00f5es de Souza<\/span><\/td>\n<td style=\"border-top: none; border-left: none; width: 71pt;\"><span style=\"height: 25.5pt; border-top: none;\"><span style=\"height: 25.5pt; border-top: none;\"> IRD <\/span><\/span><\/td>\n<td style=\"border-top: none; border-left: none; width: 71pt;\"><span style=\"height: 25.5pt; border-top: none;\"><span style=\"height: 25.5pt; border-top: none;\">Coordenador CBMRI<\/span><\/span><\/td>\n<\/tr>\n<tr style=\"height: 25.5pt;\">\n<td style=\"height: 25.5pt; border-top: none;\" height=\"34\"><span style=\"height: 25.5pt; border-top: none;\">Carlos Roberto Hall Barbosa  <\/span><\/td>\n<td style=\"border-top: none; border-left: none; width: 71pt;\"><span style=\"height: 25.5pt; border-top: none;\"><span style=\"height: 25.5pt; border-top: none;\">PUC-Rio<\/span><\/span><\/td>\n<td style=\"border-top: none; border-left: none; width: 71pt;\"><span style=\"height: 25.5pt; border-top: none;\"><span style=\"height: 25.5pt; border-top: none;\">Coordenador SEMETRO<\/span><\/span><\/td>\n<\/tr>\n<tr style=\"height: 25.5pt;\">\n<td style=\"height: 25.5pt; border-top: none;\" height=\"34\"><span style=\"height: 25.5pt; border-top: none;\">Daniel Ramos Louzada  <\/span><\/td>\n<td style=\"border-top: none; border-left: none; width: 71pt;\"><span style=\"height: 25.5pt; border-top: none;\"><span style=\"height: 25.5pt; border-top: none;\">PUC-Rio<\/span><\/span><\/td>\n<td style=\"border-top: none; border-left: none; width: 71pt;\"><span style=\"height: 25.5pt; border-top: none;\"><span style=\"height: 25.5pt; border-top: none;\">Coordenador CIMMEC<\/span><\/span><\/td>\n<\/tr>\n<tr style=\"height: 25.5pt;\">\n<td style=\"height: 25.5pt; border-top: none;\" height=\"34\"><span style=\"height: 25.5pt; border-top: none;\">Iakyra Borrakuens Couceiro <\/span><\/td>\n<td style=\"border-top: none; border-left: none; width: 71pt;\"><span style=\"height: 25.5pt; border-top: none;\"><span style=\"height: 25.5pt; border-top: none;\"> Inmetro<\/span><\/span><\/td>\n<td style=\"border-top: none; border-left: none; width: 71pt;\"><span style=\"height: 25.5pt; border-top: none;\"><span style=\"height: 25.5pt; border-top: none;\">Coordenadora CBMO<\/span><\/span><\/td>\n<\/tr>\n<tr style=\"height: 25.5pt;\">\n<td style=\"height: 25.5pt; border-top: none;\" height=\"34\"><span style=\"height: 25.5pt; border-top: none;\">Jos\u00e9 Guilherme Pereira Peixoto  <\/span><\/td>\n<td style=\"border-top: none; border-left: none; width: 71pt;\"><span style=\"height: 25.5pt; border-top: none;\"><span style=\"height: 25.5pt; border-top: none;\">IRD<\/span><\/span><\/td>\n<td style=\"border-top: none; border-left: none; width: 71pt;\"><span style=\"height: 25.5pt; border-top: none;\"><span style=\"height: 25.5pt; border-top: none;\">Coordenador CBMRI<\/span><\/span><\/td>\n<\/tr>\n<tr style=\"height: 25.5pt;\">\n<td style=\"height: 25.5pt; border-top: none;\" height=\"34\"><span style=\"height: 25.5pt; border-top: none;\">Jose Mauro Granjeiro<\/span><\/td>\n<td style=\"border-top: none; border-left: none; width: 71pt;\"><span style=\"height: 25.5pt; border-top: none;\"><span style=\"height: 25.5pt; border-top: none;\"> Inmetro<\/span><\/span><\/td>\n<td style=\"border-top: none; border-left: none; width: 71pt;\">&nbsp;<\/td>\n<\/tr>\n<tr style=\"height: 25.5pt;\">\n<td style=\"height: 25.5pt; border-top: none;\" height=\"34\"><span style=\"height: 25.5pt; border-top: none;\">Maria Helena <\/span><\/td>\n<td style=\"border-top: none; border-left: none; width: 71pt;\"><span style=\"height: 25.5pt; border-top: none;\"><span style=\"height: 25.5pt; border-top: none;\"> Inmetro<\/span><\/span><\/td>\n<td style=\"border-top: none; border-left: none; width: 71pt;\"><span style=\"height: 25.5pt; border-top: none;\"><span style=\"height: 25.5pt; border-top: none;\">Coordenadora da Remeq-I<\/span><\/span><\/td>\n<\/tr>\n<tr style=\"height: 25.5pt;\">\n<td style=\"height: 25.5pt; border-top: none;\" height=\"34\"><span style=\"height: 25.5pt; border-top: none;\">Miguel Torres <\/span><\/td>\n<td style=\"border-top: none; border-left: none; width: 71pt;\"><span style=\"height: 25.5pt; border-top: none;\"><span style=\"height: 25.5pt; border-top: none;\">Inmetro <\/span><\/span><\/td>\n<td style=\"border-top: none; border-left: none; width: 71pt;\"><span style=\"height: 25.5pt; border-top: none;\"><span style=\"height: 25.5pt; border-top: none;\">Coordenador CBMO<\/span><\/span><\/td>\n<\/tr>\n<tr style=\"height: 25.5pt;\">\n<td style=\"height: 25.5pt; border-top: none;\" height=\"34\"><span style=\"height: 25.5pt; border-top: none;\">Regis Landim <\/span><\/td>\n<td style=\"border-top: none; border-left: none; width: 71pt;\"><span style=\"height: 25.5pt; border-top: none;\"><span style=\"height: 25.5pt; border-top: none;\"> Inmetro<\/span><\/span><\/td>\n<td style=\"border-top: none; border-left: none; width: 71pt;\"><span style=\"height: 25.5pt; border-top: none;\"><span style=\"height: 25.5pt; border-top: none;\">Coordenador SEMETRO<\/span><\/span><\/td>\n<\/tr>\n<tr style=\"height: 25.5pt;\">\n<td style=\"height: 25.5pt; border-top: none;\" height=\"34\"><span style=\"height: 25.5pt; border-top: none;\">Rodrigo Pereira Barretto da Costa Felix <\/span><\/td>\n<td style=\"border-top: none; border-left: none; width: 71pt;\"><span style=\"height: 25.5pt; border-top: none;\"><span style=\"height: 25.5pt; border-top: none;\"> Inmetro\/SBM<\/span><\/span><\/td>\n<td style=\"border-top: none; border-left: none; width: 71pt;\"><span style=\"height: 25.5pt; border-top: none;\"><span style=\"height: 25.5pt; border-top: none;\">Coordenador CBM<\/span><\/span><\/td>\n<\/tr>\n<tr style=\"height: 25.5pt;\">\n<td style=\"height: 25.5pt; border-top: none;\" height=\"34\"><span style=\"height: 25.5pt; border-top: none;\">Thais Medeiros Rodrigues<\/span><\/td>\n<td style=\"border-top: none; border-left: none; width: 71pt;\"><span style=\"height: 25.5pt; border-top: none;\"><span style=\"height: 25.5pt; border-top: none;\"> SBM<\/span><\/span><\/td>\n<td style=\"border-top: none; border-left: none; width: 71pt;\">&nbsp;Metrologia 2023<\/td>\n<\/tr>\n<tr style=\"height: 25.5pt;\">\n<td style=\"height: 25.5pt; border-top: none;\" height=\"34\"><span style=\"height: 25.5pt; border-top: none;\">Thiago Menegotto <\/span><\/td>\n<td style=\"border-top: none; border-left: none; width: 71pt;\"><span style=\"height: 25.5pt; border-top: none;\"><span style=\"height: 25.5pt; border-top: none;\"> Inmetro<\/span><\/span><\/td>\n<td style=\"border-top: none; border-left: none; width: 71pt;\"><span style=\"height: 25.5pt; border-top: none;\"><span style=\"height: 25.5pt; border-top: none;\">Coordenador CBMO<\/span><\/span><\/td>\n<\/tr>\n<tr style=\"height: 25.5pt;\">\n<td style=\"height: 25.5pt; border-top: none;\" height=\"34\"><span style=\"height: 25.5pt; border-top: none;\">Vanderl\u00e9a de Souza <\/span><\/td>\n<td style=\"border-top: none; border-left: none; width: 71pt;\"><span style=\"height: 25.5pt; border-top: none;\"><span style=\"height: 25.5pt; border-top: none;\"> Inmetro<\/span><\/span><\/td>\n<td style=\"border-top: none; border-left: none; width: 71pt;\"><span style=\"height: 25.5pt; border-top: none;\"><span style=\"height: 25.5pt; border-top: none;\">Coordenadora da Remeq-I<\/span><\/span><\/td>\n<\/tr>\n<\/tbody>\n<\/table>\n<p>&nbsp;<\/p>\n<p>&nbsp;<\/p>\t\t\t\t\t\t<\/div>\n\t\t\t\t<\/div>\n\t\t\t\t\t<\/div>\n\t\t<\/div>\n\t\t\t\t\t\t\t<\/div>\n\t\t<\/section>\n\t\t\t\t\t\t\t<\/div>\n\t\t","protected":false},"excerpt":{"rendered":"<p>Comit\u00ea Organizador &#8211; METROLOGIA 2023 VOLTAR Nome&nbsp; Institu\u00e7\u00e3o Atividade Am\u00e9rico Trist\u00e3o Bernardes UFOP\/SBM Presidente Alexandre Mendes IFRJ\/SBM &nbsp;Coordenador CBM Aurea Valadares Folgueras Flatschart Inmetro Coordenadora da Remeq-I Carlos Henrique Sim\u00f5es de Souza IRD Coordenador CBMRI Carlos Roberto Hall Barbosa PUC-Rio Coordenador SEMETRO Daniel Ramos Louzada PUC-Rio Coordenador CIMMEC Iakyra Borrakuens Couceiro Inmetro Coordenadora CBMO Jos\u00e9&#8230;<\/p>\n","protected":false},"author":1,"featured_media":0,"parent":0,"menu_order":0,"comment_status":"closed","ping_status":"closed","template":"","meta":{"_monsterinsights_skip_tracking":false,"_monsterinsights_sitenote_active":false,"_monsterinsights_sitenote_note":"","_monsterinsights_sitenote_category":0},"_links":{"self":[{"href":"https:\/\/metrologia2023.org.br\/index.php?rest_route=\/wp\/v2\/pages\/4959"}],"collection":[{"href":"https:\/\/metrologia2023.org.br\/index.php?rest_route=\/wp\/v2\/pages"}],"about":[{"href":"https:\/\/metrologia2023.org.br\/index.php?rest_route=\/wp\/v2\/types\/page"}],"author":[{"embeddable":true,"href":"https:\/\/metrologia2023.org.br\/index.php?rest_route=\/wp\/v2\/users\/1"}],"replies":[{"embeddable":true,"href":"https:\/\/metrologia2023.org.br\/index.php?rest_route=%2Fwp%2Fv2%2Fcomments&post=4959"}],"version-history":[{"count":10,"href":"https:\/\/metrologia2023.org.br\/index.php?rest_route=\/wp\/v2\/pages\/4959\/revisions"}],"predecessor-version":[{"id":7541,"href":"https:\/\/metrologia2023.org.br\/index.php?rest_route=\/wp\/v2\/pages\/4959\/revisions\/7541"}],"wp:attachment":[{"href":"https:\/\/metrologia2023.org.br\/index.php?rest_route=%2Fwp%2Fv2%2Fmedia&parent=4959"}],"curies":[{"name":"wp","href":"https:\/\/api.w.org\/{rel}","templated":true}]}}