{"id":4901,"date":"2023-08-03T10:12:26","date_gmt":"2023-08-03T13:12:26","guid":{"rendered":"https:\/\/metrologia2023.org.br\/?page_id=4901"},"modified":"2023-08-30T10:27:59","modified_gmt":"2023-08-30T13:27:59","slug":"semetro-xv-congresso-internacional-de-metrologia-eletrica-comite-tecnico","status":"publish","type":"page","link":"https:\/\/metrologia2023.org.br\/?page_id=4901","title":{"rendered":"SEMETRO\u00a0\u2013 XV Congresso Internacional de Metrologia El\u00e9trica &#8211; Comit\u00ea T\u00e9cnico"},"content":{"rendered":"\t\t<div data-elementor-type=\"wp-post\" data-elementor-id=\"4901\" class=\"elementor elementor-4901\">\n\t\t\t\t\t\t\t\t\t<section class=\"elementor-section elementor-top-section elementor-element elementor-element-a859281 elementor-section-stretched elementor-section-boxed elementor-section-height-default elementor-section-height-default\" data-id=\"a859281\" data-element_type=\"section\" data-settings=\"{&quot;stretch_section&quot;:&quot;section-stretched&quot;,&quot;background_background&quot;:&quot;classic&quot;,&quot;_ha_eqh_enable&quot;:false}\">\n\t\t\t\t\t\t\t<div class=\"elementor-background-overlay\"><\/div>\n\t\t\t\t\t\t\t<div class=\"elementor-container elementor-column-gap-no\">\n\t\t\t\t\t<div class=\"elementor-column elementor-col-100 elementor-top-column elementor-element elementor-element-7423d02\" data-id=\"7423d02\" data-element_type=\"column\">\n\t\t\t<div class=\"elementor-widget-wrap elementor-element-populated\">\n\t\t\t\t\t\t\t\t<div class=\"elementor-element elementor-element-8b85942 elementor-widget elementor-widget-rt-title\" data-id=\"8b85942\" data-element_type=\"widget\" data-widget_type=\"rt-title.default\">\n\t\t\t\t<div class=\"elementor-widget-container\">\n\t\t\t<div class=\"rt-el-title section-heading style4\">\t\r\n        <h3 class=\"rtin-title title-bold color-dark title-bar\">Comit\u00ea T\u00e9cnico - SEMETRO<\/h3>\t\r\n<\/div>\r\n\t\t<\/div>\n\t\t\t\t<\/div>\n\t\t\t\t<div class=\"elementor-element elementor-element-79b1f04 elementor-button-warning elementor-align-right elementor-widget elementor-widget-button\" data-id=\"79b1f04\" data-element_type=\"widget\" data-settings=\"{&quot;_animation&quot;:&quot;none&quot;}\" data-widget_type=\"button.default\">\n\t\t\t\t<div class=\"elementor-widget-container\">\n\t\t\t\t\t<div class=\"elementor-button-wrapper\">\n\t\t\t<a class=\"elementor-button elementor-button-link elementor-size-sm elementor-animation-shrink\" href=\"https:\/\/metrologia2023.org.br\/?page_id=3739\">\n\t\t\t\t\t\t<span class=\"elementor-button-content-wrapper\">\n\t\t\t\t\t\t<span class=\"elementor-button-icon elementor-align-icon-left\">\n\t\t\t\t<svg aria-hidden=\"true\" class=\"e-font-icon-svg e-fas-arrow-left\" viewBox=\"0 0 448 512\" xmlns=\"http:\/\/www.w3.org\/2000\/svg\"><path d=\"M257.5 445.1l-22.2 22.2c-9.4 9.4-24.6 9.4-33.9 0L7 273c-9.4-9.4-9.4-24.6 0-33.9L201.4 44.7c9.4-9.4 24.6-9.4 33.9 0l22.2 22.2c9.5 9.5 9.3 25-.4 34.3L136.6 216H424c13.3 0 24 10.7 24 24v32c0 13.3-10.7 24-24 24H136.6l120.5 114.8c9.8 9.3 10 24.8.4 34.3z\"><\/path><\/svg>\t\t\t<\/span>\n\t\t\t\t\t\t<span class=\"elementor-button-text\">VOLTAR<\/span>\n\t\t<\/span>\n\t\t\t\t\t<\/a>\n\t\t<\/div>\n\t\t\t\t<\/div>\n\t\t\t\t<\/div>\n\t\t\t\t<div class=\"elementor-element elementor-element-39baeec elementor-widget elementor-widget-image\" data-id=\"39baeec\" data-element_type=\"widget\" data-widget_type=\"image.default\">\n\t\t\t\t<div class=\"elementor-widget-container\">\n\t\t\t<style>\/*! elementor - v3.17.0 - 18-10-2023 *\/\n.elementor-widget-image{text-align:center}.elementor-widget-image a{display:inline-block}.elementor-widget-image a img[src$=\".svg\"]{width:48px}.elementor-widget-image img{vertical-align:middle;display:inline-block}<\/style>\t\t\t\t\t\t\t\t\t\t\t\t<img src=\"https:\/\/metrologia2023.org.br\/wp-content\/uploads\/elementor\/thumbs\/Semetro2023-q1teyve3t9h0m7ssa2pn8otlfrz59978quqr7n8uf4.png\" title=\"Semetro2023\" alt=\"Semetro2023\" loading=\"lazy\" \/>\t\t\t\t\t\t\t\t\t\t\t\t\t\t\t<\/div>\n\t\t\t\t<\/div>\n\t\t\t\t<div class=\"elementor-element elementor-element-4b8c3eb elementor-widget elementor-widget-text-editor\" data-id=\"4b8c3eb\" data-element_type=\"widget\" data-widget_type=\"text-editor.default\">\n\t\t\t\t<div class=\"elementor-widget-container\">\n\t\t\t<style>\/*! elementor - v3.17.0 - 18-10-2023 *\/\n.elementor-widget-text-editor.elementor-drop-cap-view-stacked .elementor-drop-cap{background-color:#69727d;color:#fff}.elementor-widget-text-editor.elementor-drop-cap-view-framed .elementor-drop-cap{color:#69727d;border:3px solid;background-color:transparent}.elementor-widget-text-editor:not(.elementor-drop-cap-view-default) .elementor-drop-cap{margin-top:8px}.elementor-widget-text-editor:not(.elementor-drop-cap-view-default) .elementor-drop-cap-letter{width:1em;height:1em}.elementor-widget-text-editor .elementor-drop-cap{float:left;text-align:center;line-height:1;font-size:50px}.elementor-widget-text-editor .elementor-drop-cap-letter{display:inline-block}<\/style>\t\t\t\t&nbsp;\n\n&nbsp;\n<table class=\"vc_om-table wpb_content_element width: 60%; margin: 0 auto; vc_om-table-style-striped vc_om-table-align-left\" style=\"border-collapse: collapse; table-layout: fixed; width: 90%; margin: 0 auto !important;\" border=\"0\" width=\"288\" cellspacing=\"0\" cellpadding=\"0\"><colgroup> <col style=\"mso-width-source: userset; mso-width-alt: 7094; width: 146pt;\" width=\"194\" \/> <col style=\"mso-width-source: userset; mso-width-alt: 3437; width: 71pt;\" width=\"94\" \/> <\/colgroup>\n<tbody>\n<tr style=\"height: 30.0pt; background-color: #005a8d; color: white;\">\n<td class=\"xl65\" style=\"height: 30.0pt; width: 146pt;\" width=\"194\" height=\"40\">Nome<span style=\"mso-spacerun: yes;\">\u00a0<\/span><\/td>\n<td class=\"xl65\" style=\"border-left: none; width: 71pt;\" width=\"94\">Institu\u00e7\u00e3o<\/td>\n<\/tr>\n  <tr>\n    <td width=\"208\">Ademir    Martins Fran&ccedil;a<\/td>\n    <td width=\"118\">Inmetro<\/td>\n  <\/tr>\n  <tr>\n    <td width=\"208\">Antonio Carlos Baratto<\/td>\n    <td width=\"118\">Inmetro<\/td>\n  <\/tr>\n  <tr>\n    <td width=\"208\">Carlos Roberto Hall Barbosa<\/td>\n    <td width=\"118\">PUC<\/td>\n  <\/tr>\n  <tr>\n    <td>Daniel Ramos    Louzada<\/td>\n    <td>PUC-Rio<\/td>\n  <\/tr>\n  <tr>\n    <td width=\"208\">Daniel Slomovitz&nbsp;<\/td>\n    <td width=\"118\">UTE\/Uruguai<\/td>\n  <\/tr>\n  <tr>\n    <td>Eduardo Costa    da Silva<\/td>\n    <td>PUC-Rio<\/td>\n  <\/tr>\n  <tr>\n    <td width=\"208\">Elisabeth Costa Monteiro&nbsp;&nbsp;<\/td>\n    <td width=\"118\">PUC<\/td>\n  <\/tr>\n  <tr>\n    <td width=\"208\">Flavio Alexandre da Silveira&nbsp;<\/td>\n    <td width=\"118\">Inmetro<\/td>\n  <\/tr>\n  <tr>\n    <td width=\"208\">Gean Marcos Geronymo<\/td>\n    <td width=\"118\">Inmetro<\/td>\n  <\/tr>\n  <tr>\n    <td width=\"208\">Gregory Amaral Kyriazis&nbsp;<\/td>\n    <td width=\"118\">Inmetro<\/td>\n  <\/tr>\n  <tr>\n    <td width=\"208\">Guilherme de Andrade Garcia&nbsp;<\/td>\n    <td width=\"118\">Inmetro<\/td>\n  <\/tr>\n  <tr>\n    <td>Guilherme    Penello Tempor&atilde;o<\/td>\n    <td>PUC-Rio<\/td>\n  <\/tr>\n  <tr>\n    <td width=\"208\">Helio Ricardo Carvalho<\/td>\n    <td width=\"118\">Inmetro<\/td>\n  <\/tr>\n  <tr>\n    <td>Jorge Luis    Machado do Amaral<\/td>\n    <td>UERJ<\/td>\n  <\/tr>\n  <tr>\n    <td>Jose Eduardo    da Rocha Alves<\/td>\n    <td width=\"118\">CEPEL<\/td>\n  <\/tr>\n  <tr>\n    <td>Jos&eacute; Franco    Machado do Amaral<\/td>\n    <td>UERJ<\/td>\n  <\/tr>\n  <tr>\n    <td>Karla Teresa    Figueiredo Leite<\/td>\n    <td>UERJ<\/td>\n  <\/tr>\n  <tr>\n    <td width=\"208\">Leonardo Augusto Abreu De Souza&nbsp;<\/td>\n    <td width=\"118\">Inmetro<\/td>\n  <\/tr>\n  <tr>\n    <td width=\"208\">Lucas Di Lillo<\/td>\n    <td width=\"118\">INTI\/Argentina<\/td>\n  <\/tr>\n  <tr>\n    <td width=\"208\">Luiz Vicente Gomes Tarelho&nbsp;&nbsp;<\/td>\n    <td width=\"118\">Inmetro<\/td>\n  <\/tr>\n  <tr>\n    <td width=\"208\">Marcelo Melo da Costa&nbsp;&nbsp;<\/td>\n    <td width=\"118\">Eletronorte<\/td>\n  <\/tr>\n  <tr>\n    <td width=\"208\">M&aacute;rcio Ant&ocirc;nio Sens<\/td>\n    <td width=\"118\">Cepel<\/td>\n  <\/tr>\n  <tr>\n    <td width=\"208\">Marcio Candido da Silva<\/td>\n    <td width=\"118\">Inmetro<\/td>\n  <\/tr>\n  <tr>\n    <td width=\"208\">Muriel Aparecida de Souza&nbsp;<\/td>\n    <td width=\"118\">Inmetro<\/td>\n  <\/tr>\n  <tr>\n    <td width=\"208\">Patricia Cals de Oliveira Vitorio&nbsp;<\/td>\n    <td width=\"118\">Inmetro<\/td>\n  <\/tr>\n  <tr>\n    <td width=\"208\">Regis Pinheiro Landim<\/td>\n    <td width=\"118\">Inmetro<\/td>\n  <\/tr>\n  <tr>\n    <td>Rodrigo Flora    Calili<\/td>\n    <td>PUC-Rio<\/td>\n  <\/tr>\n  <tr>\n    <td width=\"208\">Rodrigo Sim&otilde;es Ribeiro<\/td>\n    <td width=\"118\">Inmetro<\/td>\n  <\/tr>\n  <tr>\n    <td width=\"208\">Rodrigo Vargas Freitas Ventura<\/td>\n    <td width=\"118\">Inmetro<\/td>\n  <\/tr>\n  <tr>\n    <td>Wilson de    Souza Melo Junior<\/td>\n    <td>Inmetro<\/td>\n  <\/tr>\n  <tr>\n    <td>Oscar Cuaresma    Zevallos<\/td>\n    <td>&nbsp;<\/td>\n  <\/tr>\n<!-- [if supportMisalignedColumns]-->\n\n<!--[endif]--><!--[endif]--><\/tbody>\n<\/table>\t\t\t\t\t\t<\/div>\n\t\t\t\t<\/div>\n\t\t\t\t\t<\/div>\n\t\t<\/div>\n\t\t\t\t\t\t\t<\/div>\n\t\t<\/section>\n\t\t\t\t\t\t\t<\/div>\n\t\t","protected":false},"excerpt":{"rendered":"<p>Comit\u00ea T\u00e9cnico &#8211; SEMETRO VOLTAR &nbsp; &nbsp; Nome\u00a0 Institu\u00e7\u00e3o Ademir Martins Fran&ccedil;a Inmetro Antonio Carlos Baratto Inmetro Carlos Roberto Hall Barbosa PUC Daniel Ramos Louzada PUC-Rio Daniel Slomovitz&nbsp; UTE\/Uruguai Eduardo Costa da Silva PUC-Rio Elisabeth Costa Monteiro&nbsp;&nbsp; PUC Flavio Alexandre da Silveira&nbsp; Inmetro Gean Marcos Geronymo Inmetro Gregory Amaral Kyriazis&nbsp; Inmetro Guilherme de Andrade Garcia&nbsp;&#8230;<\/p>\n","protected":false},"author":1,"featured_media":0,"parent":0,"menu_order":0,"comment_status":"closed","ping_status":"closed","template":"","meta":{"_monsterinsights_skip_tracking":false,"_monsterinsights_sitenote_active":false,"_monsterinsights_sitenote_note":"","_monsterinsights_sitenote_category":0},"_links":{"self":[{"href":"https:\/\/metrologia2023.org.br\/index.php?rest_route=\/wp\/v2\/pages\/4901"}],"collection":[{"href":"https:\/\/metrologia2023.org.br\/index.php?rest_route=\/wp\/v2\/pages"}],"about":[{"href":"https:\/\/metrologia2023.org.br\/index.php?rest_route=\/wp\/v2\/types\/page"}],"author":[{"embeddable":true,"href":"https:\/\/metrologia2023.org.br\/index.php?rest_route=\/wp\/v2\/users\/1"}],"replies":[{"embeddable":true,"href":"https:\/\/metrologia2023.org.br\/index.php?rest_route=%2Fwp%2Fv2%2Fcomments&post=4901"}],"version-history":[{"count":7,"href":"https:\/\/metrologia2023.org.br\/index.php?rest_route=\/wp\/v2\/pages\/4901\/revisions"}],"predecessor-version":[{"id":4974,"href":"https:\/\/metrologia2023.org.br\/index.php?rest_route=\/wp\/v2\/pages\/4901\/revisions\/4974"}],"wp:attachment":[{"href":"https:\/\/metrologia2023.org.br\/index.php?rest_route=%2Fwp%2Fv2%2Fmedia&parent=4901"}],"curies":[{"name":"wp","href":"https:\/\/api.w.org\/{rel}","templated":true}]}}