{"id":4884,"date":"2023-08-03T10:06:16","date_gmt":"2023-08-03T13:06:16","guid":{"rendered":"https:\/\/metrologia2023.org.br\/?page_id=4884"},"modified":"2024-10-29T17:22:47","modified_gmt":"2024-10-29T20:22:47","slug":"cbmri-ix-congresso-brasileiro-de-metrologia-das-radiacoes-ionizantes-comite-tecnico","status":"publish","type":"page","link":"https:\/\/metrologia2023.org.br\/?page_id=4884","title":{"rendered":"CBMRI\u00a0\u2013 IX \u2013 Congresso Brasileiro de Metrologia das Radia\u00e7\u00f5es Ionizantes &#8211; Comit\u00ea T\u00e9cnico"},"content":{"rendered":"\t\t<div data-elementor-type=\"wp-post\" data-elementor-id=\"4884\" class=\"elementor elementor-4884\">\n\t\t\t\t\t\t\t\t\t<section class=\"elementor-section elementor-top-section elementor-element elementor-element-a859281 elementor-section-stretched elementor-section-boxed elementor-section-height-default elementor-section-height-default\" data-id=\"a859281\" data-element_type=\"section\" data-settings=\"{&quot;stretch_section&quot;:&quot;section-stretched&quot;,&quot;background_background&quot;:&quot;classic&quot;,&quot;_ha_eqh_enable&quot;:false}\">\n\t\t\t\t\t\t\t<div class=\"elementor-background-overlay\"><\/div>\n\t\t\t\t\t\t\t<div class=\"elementor-container elementor-column-gap-no\">\n\t\t\t\t\t<div class=\"elementor-column elementor-col-100 elementor-top-column elementor-element elementor-element-7423d02\" data-id=\"7423d02\" data-element_type=\"column\">\n\t\t\t<div class=\"elementor-widget-wrap elementor-element-populated\">\n\t\t\t\t\t\t\t\t<div class=\"elementor-element elementor-element-8b85942 elementor-widget elementor-widget-rt-title\" data-id=\"8b85942\" data-element_type=\"widget\" data-widget_type=\"rt-title.default\">\n\t\t\t\t<div class=\"elementor-widget-container\">\n\t\t\t<div class=\"rt-el-title section-heading style4\">\t\r\n        <h3 class=\"rtin-title title-bold color-dark title-bar\">Comit\u00ea T\u00e9cnico - CBMRI<\/h3>\t\r\n<\/div>\r\n\t\t<\/div>\n\t\t\t\t<\/div>\n\t\t\t\t<div class=\"elementor-element elementor-element-79b1f04 elementor-button-warning elementor-align-right elementor-widget elementor-widget-button\" data-id=\"79b1f04\" data-element_type=\"widget\" data-settings=\"{&quot;_animation&quot;:&quot;none&quot;}\" data-widget_type=\"button.default\">\n\t\t\t\t<div class=\"elementor-widget-container\">\n\t\t\t\t\t<div class=\"elementor-button-wrapper\">\n\t\t\t<a class=\"elementor-button elementor-button-link elementor-size-sm elementor-animation-shrink\" href=\"https:\/\/metrologia2023.org.br\/?page_id=3714\">\n\t\t\t\t\t\t<span class=\"elementor-button-content-wrapper\">\n\t\t\t\t\t\t<span class=\"elementor-button-icon elementor-align-icon-left\">\n\t\t\t\t<svg aria-hidden=\"true\" class=\"e-font-icon-svg e-fas-arrow-left\" viewBox=\"0 0 448 512\" xmlns=\"http:\/\/www.w3.org\/2000\/svg\"><path d=\"M257.5 445.1l-22.2 22.2c-9.4 9.4-24.6 9.4-33.9 0L7 273c-9.4-9.4-9.4-24.6 0-33.9L201.4 44.7c9.4-9.4 24.6-9.4 33.9 0l22.2 22.2c9.5 9.5 9.3 25-.4 34.3L136.6 216H424c13.3 0 24 10.7 24 24v32c0 13.3-10.7 24-24 24H136.6l120.5 114.8c9.8 9.3 10 24.8.4 34.3z\"><\/path><\/svg>\t\t\t<\/span>\n\t\t\t\t\t\t<span class=\"elementor-button-text\">VOLTAR<\/span>\n\t\t<\/span>\n\t\t\t\t\t<\/a>\n\t\t<\/div>\n\t\t\t\t<\/div>\n\t\t\t\t<\/div>\n\t\t\t\t<div class=\"elementor-element elementor-element-8467236 elementor-widget elementor-widget-image\" data-id=\"8467236\" data-element_type=\"widget\" data-widget_type=\"image.default\">\n\t\t\t\t<div class=\"elementor-widget-container\">\n\t\t\t<style>\/*! elementor - v3.17.0 - 18-10-2023 *\/\n.elementor-widget-image{text-align:center}.elementor-widget-image a{display:inline-block}.elementor-widget-image a img[src$=\".svg\"]{width:48px}.elementor-widget-image img{vertical-align:middle;display:inline-block}<\/style>\t\t\t\t\t\t\t\t\t\t\t\t<img width=\"262\" height=\"187\" src=\"https:\/\/metrologia2023.org.br\/wp-content\/uploads\/2023\/02\/CBMRI-LOGO-2023.png\" class=\"attachment-full size-full wp-image-3717\" alt=\"\" \/>\t\t\t\t\t\t\t\t\t\t\t\t\t\t\t<\/div>\n\t\t\t\t<\/div>\n\t\t\t\t<div class=\"elementor-element elementor-element-4b8c3eb elementor-widget elementor-widget-text-editor\" data-id=\"4b8c3eb\" data-element_type=\"widget\" data-widget_type=\"text-editor.default\">\n\t\t\t\t<div class=\"elementor-widget-container\">\n\t\t\t<style>\/*! elementor - v3.17.0 - 18-10-2023 *\/\n.elementor-widget-text-editor.elementor-drop-cap-view-stacked .elementor-drop-cap{background-color:#69727d;color:#fff}.elementor-widget-text-editor.elementor-drop-cap-view-framed .elementor-drop-cap{color:#69727d;border:3px solid;background-color:transparent}.elementor-widget-text-editor:not(.elementor-drop-cap-view-default) .elementor-drop-cap{margin-top:8px}.elementor-widget-text-editor:not(.elementor-drop-cap-view-default) .elementor-drop-cap-letter{width:1em;height:1em}.elementor-widget-text-editor .elementor-drop-cap{float:left;text-align:center;line-height:1;font-size:50px}.elementor-widget-text-editor .elementor-drop-cap-letter{display:inline-block}<\/style>\t\t\t\t&nbsp;\n\n&nbsp;\n\n&nbsp;\n<table class=\"vc_om-table wpb_content_element width: 60%; margin: 0 auto; vc_om-table-style-striped vc_om-table-align-left\" style=\"border-collapse: collapse; table-layout: fixed; width: 90%; margin: 0 auto !important;\" border=\"0\" width=\"288\" cellspacing=\"0\" cellpadding=\"0\"><colgroup> <col style=\"mso-width-source: userset; mso-width-alt: 7094; width: 146pt;\" width=\"194\" \/> <col style=\"mso-width-source: userset; mso-width-alt: 3437; width: 71pt;\" width=\"94\" \/> <\/colgroup>\n<tbody>\n<tr style=\"height: 30.0pt; background-color: #005a8d; color: white;\">\n<td class=\"xl65\" style=\"height: 30.0pt; width: 146pt;\" width=\"194\" height=\"40\">Nome<span style=\"mso-spacerun: yes;\">\u00a0<\/span><\/td>\n<td class=\"xl65\" style=\"border-left: none; width: 71pt;\" width=\"94\">Institu\u00e7\u00e3o<\/td>\n<\/tr>\n<tr>\n<td width=\"186\">Ana Paula Perini<\/td>\n<td width=\"212\">UFU<\/td>\n<\/tr>\n<tr>\n<td width=\"186\">Alfredo Lopes Ferreira Filho <\/td>\n<td width=\"212\">IRD\/CNEN\/RJ<\/td>\n<\/tr>\n<tr>\n<td width=\"186\">Andrea Mantuano Coelho da Silva<\/td>\n<td width=\"212\"><\/td>\n<\/tr>\n<tr>\n<td width=\"186\">Aneuri de Amorim<\/td>\n<td width=\"212\"><\/td>\n<\/tr>\n<tr>\n<td width=\"186\">Bernardo Maranh\u00e3o Dantas<\/td>\n<td width=\"212\">IRD\/CNEN<\/td>\n<\/tr>\n<tr>\n<td>Bruno Jord\u00e3o<\/td>\n<td><\/td>\n<\/tr>\n<tr>\n<td width=\"186\">Camila Salata<\/td>\n<td width=\"212\">LCR\/UERJ<\/td>\n<\/tr>\n<tr>\n<td width=\"186\">Carla Lemos da Silva Mota<\/td>\n<td width=\"212\"><\/td>\n<\/tr>\n<tr>\n<td width=\"186\">Carlos Henrique Sim\u00f5es de Souza<\/td>\n<td width=\"212\">IRD\/CNEN<\/td>\n<\/tr>\n<tr>\n<td width=\"186\">Carlos Jos\u00e9 da Silva<\/td>\n<td width=\"212\">IRD\/CNEN<\/td>\n<\/tr>\n<tr>\n<td>Elias do Nascimento Teixeira<\/td>\n<td><\/td>\n<\/tr>\n<tr>\n<td width=\"186\">Eric Matos<\/td>\n<td width=\"212\"><\/td>\n<\/tr>\n<tr>\n<td width=\"186\">Estela Maria de Oliveira<\/td>\n<td width=\"212\">IRD\/CNEN<\/td>\n<\/tr>\n<tr>\n<td width=\"186\">IGOR\u00a0GARCIA<\/td>\n<td width=\"212\"><\/td>\n<\/tr>\n<tr>\n<td>Jeovana Santos Ferreira<\/td>\n<td><\/td>\n<\/tr>\n<tr>\n<td width=\"186\">Jo\u00e3o Henrique Hamann<\/td>\n<td width=\"212\">IRD\/CNEN<\/td>\n<\/tr>\n<tr>\n<td width=\"186\">Jos\u00e9 Guilherme Pereira Peixoto<\/td>\n<td width=\"212\">IRD\/CNEN<\/td>\n<\/tr>\n<tr>\n<td width=\"186\">Karla Cristina Souza Patr\u00e3o<\/td>\n<td width=\"212\">IRD\/CNEN<\/td>\n<\/tr>\n<tr>\n<td width=\"186\">LEONARDO PACIFICO<\/td>\n<td width=\"212\"><\/td>\n<\/tr>\n<tr>\n<td width=\"186\">Linda Caldas<\/td>\n<td width=\"212\"><\/td>\n<\/tr>\n<tr>\n<td width=\"186\">Luciana Tourinho Campos<\/td>\n<td width=\"212\"><\/td>\n<\/tr>\n<tr>\n<td width=\"186\">Lucio Neves<\/td>\n<td width=\"212\"><\/td>\n<\/tr>\n<tr>\n<td width=\"186\">Luis Alexandre G. Magalh\u00e3es<\/td>\n<td width=\"212\">LCR\/UERJ<\/td>\n<\/tr>\n<tr>\n<td width=\"186\">Maria Candida Moreira de Almeida<\/td>\n<td width=\"212\">Sede\/CNEN<\/td>\n<\/tr>\n<tr>\n<td width=\"186\">Maria da Penha Potiens<\/td>\n<td width=\"212\">IPEN\/CNEN<\/td>\n<\/tr>\n<tr>\n<td width=\"186\">Mario Cesar Viegas Balthar<\/td>\n<td width=\"212\"><\/td>\n<\/tr>\n<tr>\n<td>Monalisa Almeida<\/td>\n<td><\/td>\n<\/tr>\n<tr>\n<td width=\"186\">Pedro Pacheco Queiroz Filho<\/td>\n<td width=\"212\">IRD\/CNEN<\/td>\n<\/tr>\n<tr>\n<td>Rafaella Mendes de Carvalho<\/td>\n<td><\/td>\n<\/tr>\n<tr>\n<td width=\"186\">Ricardo Amorim Barbosa<\/td>\n<td width=\"212\">IRD\/CNEN<\/td>\n<\/tr>\n<tr>\n<td width=\"186\">Ronaldo Lins da Silva<\/td>\n<td width=\"212\"><\/td>\n<\/tr>\n<tr>\n<td width=\"186\">Samara Cristina Ferreira Machado<\/td>\n<td width=\"212\"><\/td>\n<\/tr>\n<tr>\n<td width=\"186\">Walsan Wagner Pereira<\/td>\n<td width=\"212\">IRD\/CNEN<\/td>\n<\/tr>\n<!-- [if supportMisalignedColumns]--><!--[endif]--><!--[endif]--><\/tbody>\n<\/table>\t\t\t\t\t\t<\/div>\n\t\t\t\t<\/div>\n\t\t\t\t\t<\/div>\n\t\t<\/div>\n\t\t\t\t\t\t\t<\/div>\n\t\t<\/section>\n\t\t\t\t\t\t\t<\/div>\n\t\t","protected":false},"excerpt":{"rendered":"<p>Comit\u00ea T\u00e9cnico &#8211; CBMRI VOLTAR &nbsp; &nbsp; &nbsp; Nome\u00a0 Institu\u00e7\u00e3o Ana Paula Perini UFU Alfredo Lopes Ferreira Filho IRD\/CNEN\/RJ Andrea Mantuano Coelho da Silva Aneuri de Amorim Bernardo Maranh\u00e3o Dantas IRD\/CNEN Bruno Jord\u00e3o Camila Salata LCR\/UERJ Carla Lemos da Silva Mota Carlos Henrique Sim\u00f5es de Souza IRD\/CNEN Carlos Jos\u00e9 da Silva IRD\/CNEN Elias do Nascimento&#8230;<\/p>\n","protected":false},"author":1,"featured_media":0,"parent":0,"menu_order":0,"comment_status":"closed","ping_status":"closed","template":"","meta":{"_monsterinsights_skip_tracking":false,"_monsterinsights_sitenote_active":false,"_monsterinsights_sitenote_note":"","_monsterinsights_sitenote_category":0},"_links":{"self":[{"href":"https:\/\/metrologia2023.org.br\/index.php?rest_route=\/wp\/v2\/pages\/4884"}],"collection":[{"href":"https:\/\/metrologia2023.org.br\/index.php?rest_route=\/wp\/v2\/pages"}],"about":[{"href":"https:\/\/metrologia2023.org.br\/index.php?rest_route=\/wp\/v2\/types\/page"}],"author":[{"embeddable":true,"href":"https:\/\/metrologia2023.org.br\/index.php?rest_route=\/wp\/v2\/users\/1"}],"replies":[{"embeddable":true,"href":"https:\/\/metrologia2023.org.br\/index.php?rest_route=%2Fwp%2Fv2%2Fcomments&post=4884"}],"version-history":[{"count":13,"href":"https:\/\/metrologia2023.org.br\/index.php?rest_route=\/wp\/v2\/pages\/4884\/revisions"}],"predecessor-version":[{"id":7554,"href":"https:\/\/metrologia2023.org.br\/index.php?rest_route=\/wp\/v2\/pages\/4884\/revisions\/7554"}],"wp:attachment":[{"href":"https:\/\/metrologia2023.org.br\/index.php?rest_route=%2Fwp%2Fv2%2Fmedia&parent=4884"}],"curies":[{"name":"wp","href":"https:\/\/api.w.org\/{rel}","templated":true}]}}