{"id":4011,"date":"2023-03-02T11:20:43","date_gmt":"2023-03-02T14:20:43","guid":{"rendered":"https:\/\/metrologia2023.org.br\/?page_id=4011"},"modified":"2023-03-09T10:22:18","modified_gmt":"2023-03-09T13:22:18","slug":"hospedagem","status":"publish","type":"page","link":"https:\/\/metrologia2023.org.br\/?page_id=4011","title":{"rendered":"Hospedagem"},"content":{"rendered":"\t\t<div data-elementor-type=\"wp-post\" data-elementor-id=\"4011\" class=\"elementor elementor-4011\">\n\t\t\t\t\t\t\t\t\t<section class=\"elementor-section elementor-top-section elementor-element elementor-element-a859281 elementor-section-stretched elementor-section-boxed elementor-section-height-default elementor-section-height-default\" data-id=\"a859281\" data-element_type=\"section\" data-settings=\"{&quot;stretch_section&quot;:&quot;section-stretched&quot;,&quot;background_background&quot;:&quot;classic&quot;,&quot;_ha_eqh_enable&quot;:false}\">\n\t\t\t\t\t\t\t<div class=\"elementor-background-overlay\"><\/div>\n\t\t\t\t\t\t\t<div class=\"elementor-container elementor-column-gap-no\">\n\t\t\t\t\t<div class=\"elementor-column elementor-col-100 elementor-top-column elementor-element elementor-element-7423d02\" data-id=\"7423d02\" data-element_type=\"column\">\n\t\t\t<div class=\"elementor-widget-wrap elementor-element-populated\">\n\t\t\t\t\t\t\t\t<div class=\"elementor-element elementor-element-d83d658 elementor-widget elementor-widget-text-editor\" data-id=\"d83d658\" data-element_type=\"widget\" data-widget_type=\"text-editor.default\">\n\t\t\t\t<div class=\"elementor-widget-container\">\n\t\t\t<style>\/*! elementor - v3.17.0 - 18-10-2023 *\/\n.elementor-widget-text-editor.elementor-drop-cap-view-stacked .elementor-drop-cap{background-color:#69727d;color:#fff}.elementor-widget-text-editor.elementor-drop-cap-view-framed .elementor-drop-cap{color:#69727d;border:3px solid;background-color:transparent}.elementor-widget-text-editor:not(.elementor-drop-cap-view-default) .elementor-drop-cap{margin-top:8px}.elementor-widget-text-editor:not(.elementor-drop-cap-view-default) .elementor-drop-cap-letter{width:1em;height:1em}.elementor-widget-text-editor .elementor-drop-cap{float:left;text-align:center;line-height:1;font-size:50px}.elementor-widget-text-editor .elementor-drop-cap-letter{display:inline-block}<\/style>\t\t\t\t<p>O evento ser\u00e1 realizado no Centro de Conven\u00e7\u00f5es do Granja Brasil. A hospegadem do participante n\u00e3o necessariamente precisa ser dentro do espa\u00e7o do Granja Brasil. Listamos quatro op\u00e7\u00f5es para voc\u00ea reservar o melhor local para se hospedar.<\/p>\t\t\t\t\t\t<\/div>\n\t\t\t\t<\/div>\n\t\t\t\t<div class=\"elementor-element elementor-element-8b85942 elementor-widget elementor-widget-rt-title\" data-id=\"8b85942\" data-element_type=\"widget\" data-widget_type=\"rt-title.default\">\n\t\t\t\t<div class=\"elementor-widget-container\">\n\t\t\t<div class=\"rt-el-title section-heading style4\">\t\r\n        <h3 class=\"rtin-title title-bold color-dark title-bar\">01) Hotel Granja Brasil Resort<\/h3>\t\r\n<\/div>\r\n\t\t<\/div>\n\t\t\t\t<\/div>\n\t\t\t\t<div class=\"elementor-element elementor-element-4c801d1 elementor-widget elementor-widget-text-editor\" data-id=\"4c801d1\" data-element_type=\"widget\" data-widget_type=\"text-editor.default\">\n\t\t\t\t<div class=\"elementor-widget-container\">\n\t\t\t\t\t\t\t<p><img class=\"wp-image-3955 alignleft\" src=\"https:\/\/metrologia2023.org.br\/wp-content\/uploads\/2023\/02\/logo_hotel_granja-300x300.jpg\" alt=\"\" width=\"118\" height=\"118\" srcset=\"https:\/\/metrologia2023.org.br\/wp-content\/uploads\/2023\/02\/logo_hotel_granja-300x300.jpg 300w, https:\/\/metrologia2023.org.br\/wp-content\/uploads\/2023\/02\/logo_hotel_granja-150x150.jpg 150w, https:\/\/metrologia2023.org.br\/wp-content\/uploads\/2023\/02\/logo_hotel_granja-400x400.jpg 400w, https:\/\/metrologia2023.org.br\/wp-content\/uploads\/2023\/02\/logo_hotel_granja-600x600.jpg 600w, https:\/\/metrologia2023.org.br\/wp-content\/uploads\/2023\/02\/logo_hotel_granja-100x100.jpg 100w, https:\/\/metrologia2023.org.br\/wp-content\/uploads\/2023\/02\/logo_hotel_granja.jpg 743w\" sizes=\"(max-width: 118px) 100vw, 118px\" \/>Os participantes que optarem por ficar no hotel, podem utilizar o c\u00f3digo de desconto metrologia2023, que receber\u00e1 10% de desconto da tarifa<\/p><p><strong>Link:<\/strong> <a href=\"https:\/\/reservas.desbravador.com.br\/hotel-app\/hotel-granja-brasil-resort\">https:\/\/reservas.desbravador.com.br\/hotel-app\/hotel-granja-brasil-resort<\/a><br \/>Cupom: metrologia2023<\/p>\t\t\t\t\t\t<\/div>\n\t\t\t\t<\/div>\n\t\t\t\t<div class=\"elementor-element elementor-element-5931ca0 elementor-button-warning elementor-widget elementor-widget-button\" data-id=\"5931ca0\" data-element_type=\"widget\" data-settings=\"{&quot;_animation&quot;:&quot;none&quot;}\" data-widget_type=\"button.default\">\n\t\t\t\t<div class=\"elementor-widget-container\">\n\t\t\t\t\t<div class=\"elementor-button-wrapper\">\n\t\t\t<a class=\"elementor-button elementor-button-link elementor-size-sm elementor-animation-shrink\" href=\"http:\/\/hotelgranjabrasil.com.br\/tarifas.asp\" target=\"_blank\">\n\t\t\t\t\t\t<span class=\"elementor-button-content-wrapper\">\n\t\t\t\t\t\t<span class=\"elementor-button-icon elementor-align-icon-left\">\n\t\t\t\t<svg aria-hidden=\"true\" class=\"e-font-icon-svg e-fas-tree\" viewBox=\"0 0 384 512\" xmlns=\"http:\/\/www.w3.org\/2000\/svg\"><path d=\"M378.31 378.49L298.42 288h30.63c9.01 0 16.98-5 20.78-13.06 3.8-8.04 2.55-17.26-3.28-24.05L268.42 160h28.89c9.1 0 17.3-5.35 20.86-13.61 3.52-8.13 1.86-17.59-4.24-24.08L203.66 4.83c-6.03-6.45-17.28-6.45-23.32 0L70.06 122.31c-6.1 6.49-7.75 15.95-4.24 24.08C69.38 154.65 77.59 160 86.69 160h28.89l-78.14 90.91c-5.81 6.78-7.06 15.99-3.27 24.04C37.97 283 45.93 288 54.95 288h30.63L5.69 378.49c-6 6.79-7.36 16.09-3.56 24.26 3.75 8.05 12 13.25 21.01 13.25H160v24.45l-30.29 48.4c-5.32 10.64 2.42 23.16 14.31 23.16h95.96c11.89 0 19.63-12.52 14.31-23.16L224 440.45V416h136.86c9.01 0 17.26-5.2 21.01-13.25 3.8-8.17 2.44-17.47-3.56-24.26z\"><\/path><\/svg>\t\t\t<\/span>\n\t\t\t\t\t\t<span class=\"elementor-button-text\">Conhe\u00e7a do Hotel<\/span>\n\t\t<\/span>\n\t\t\t\t\t<\/a>\n\t\t<\/div>\n\t\t\t\t<\/div>\n\t\t\t\t<\/div>\n\t\t\t\t<div class=\"elementor-element elementor-element-96497a7 elementor-widget elementor-widget-rt-title\" data-id=\"96497a7\" data-element_type=\"widget\" data-widget_type=\"rt-title.default\">\n\t\t\t\t<div class=\"elementor-widget-container\">\n\t\t\t<div class=\"rt-el-title section-heading style4\">\t\r\n        <h3 class=\"rtin-title title-bold color-dark title-bar\">02) Apartamento no  Granja Brasil<\/h3>\t\r\n<\/div>\r\n\t\t<\/div>\n\t\t\t\t<\/div>\n\t\t\t\t<div class=\"elementor-element elementor-element-e23d726 elementor-widget elementor-widget-text-editor\" data-id=\"e23d726\" data-element_type=\"widget\" data-widget_type=\"text-editor.default\">\n\t\t\t\t<div class=\"elementor-widget-container\">\n\t\t\t\t\t\t\t<div class=\"elementor-background-overlay\">\u00a0<\/div><p>Os participantes que optarem por ficar no apartamento no Granja Brasil, podem entrar em contato com a consultora imobili\u00e1ria Nivia Marquiori Im\u00f3veis, basta clicar no cliquei que ser\u00e1 direcionado ao Whastapp da consultora.<\/p>\t\t\t\t\t\t<\/div>\n\t\t\t\t<\/div>\n\t\t\t\t<div class=\"elementor-element elementor-element-e33910e elementor-button-warning elementor-widget elementor-widget-button\" data-id=\"e33910e\" data-element_type=\"widget\" data-settings=\"{&quot;_animation&quot;:&quot;none&quot;}\" data-widget_type=\"button.default\">\n\t\t\t\t<div class=\"elementor-widget-container\">\n\t\t\t\t\t<div class=\"elementor-button-wrapper\">\n\t\t\t<a class=\"elementor-button elementor-button-link elementor-size-sm elementor-animation-shrink\" href=\"https:\/\/api.whatsapp.com\/send?phone=5524993272561\" target=\"_blank\">\n\t\t\t\t\t\t<span class=\"elementor-button-content-wrapper\">\n\t\t\t\t\t\t<span class=\"elementor-button-icon elementor-align-icon-left\">\n\t\t\t\t<svg aria-hidden=\"true\" class=\"e-font-icon-svg e-fab-whatsapp\" viewBox=\"0 0 448 512\" xmlns=\"http:\/\/www.w3.org\/2000\/svg\"><path d=\"M380.9 97.1C339 55.1 283.2 32 223.9 32c-122.4 0-222 99.6-222 222 0 39.1 10.2 77.3 29.6 111L0 480l117.7-30.9c32.4 17.7 68.9 27 106.1 27h.1c122.3 0 224.1-99.6 224.1-222 0-59.3-25.2-115-67.1-157zm-157 341.6c-33.2 0-65.7-8.9-94-25.7l-6.7-4-69.8 18.3L72 359.2l-4.4-7c-18.5-29.4-28.2-63.3-28.2-98.2 0-101.7 82.8-184.5 184.6-184.5 49.3 0 95.6 19.2 130.4 54.1 34.8 34.9 56.2 81.2 56.1 130.5 0 101.8-84.9 184.6-186.6 184.6zm101.2-138.2c-5.5-2.8-32.8-16.2-37.9-18-5.1-1.9-8.8-2.8-12.5 2.8-3.7 5.6-14.3 18-17.6 21.8-3.2 3.7-6.5 4.2-12 1.4-32.6-16.3-54-29.1-75.5-66-5.7-9.8 5.7-9.1 16.3-30.3 1.8-3.7.9-6.9-.5-9.7-1.4-2.8-12.5-30.1-17.1-41.2-4.5-10.8-9.1-9.3-12.5-9.5-3.2-.2-6.9-.2-10.6-.2-3.7 0-9.7 1.4-14.8 6.9-5.1 5.6-19.4 19-19.4 46.3 0 27.3 19.9 53.7 22.6 57.4 2.8 3.7 39.1 59.7 94.8 83.8 35.2 15.2 49 16.5 66.6 13.9 10.7-1.6 32.8-13.4 37.4-26.4 4.6-13 4.6-24.1 3.2-26.4-1.3-2.5-5-3.9-10.5-6.6z\"><\/path><\/svg>\t\t\t<\/span>\n\t\t\t\t\t\t<span class=\"elementor-button-text\">Fale com a consultora<\/span>\n\t\t<\/span>\n\t\t\t\t\t<\/a>\n\t\t<\/div>\n\t\t\t\t<\/div>\n\t\t\t\t<\/div>\n\t\t\t\t<div class=\"elementor-element elementor-element-e4643c3 elementor-widget elementor-widget-rt-title\" data-id=\"e4643c3\" data-element_type=\"widget\" data-widget_type=\"rt-title.default\">\n\t\t\t\t<div class=\"elementor-widget-container\">\n\t\t\t<div class=\"rt-el-title section-heading style4\">\t\r\n        <h3 class=\"rtin-title title-bold color-dark title-bar\">03) Booking<\/h3>\t\r\n<\/div>\r\n\t\t<\/div>\n\t\t\t\t<\/div>\n\t\t\t\t<div class=\"elementor-element elementor-element-a75c0e0 elementor-widget elementor-widget-text-editor\" data-id=\"a75c0e0\" data-element_type=\"widget\" data-widget_type=\"text-editor.default\">\n\t\t\t\t<div class=\"elementor-widget-container\">\n\t\t\t\t\t\t\t<p><img class=\"wp-image-4107 alignleft\" src=\"https:\/\/metrologia2023.org.br\/wp-content\/uploads\/2023\/03\/indice.jpeg\" alt=\"\" width=\"89\" height=\"89\" srcset=\"https:\/\/metrologia2023.org.br\/wp-content\/uploads\/2023\/03\/indice.jpeg 225w, https:\/\/metrologia2023.org.br\/wp-content\/uploads\/2023\/03\/indice-150x150.jpeg 150w, https:\/\/metrologia2023.org.br\/wp-content\/uploads\/2023\/03\/indice-100x100.jpeg 100w\" sizes=\"(max-width: 89px) 100vw, 89px\" \/>Booking &#8211; Itaipava tem uma rede hoteleira diversificada. Clique no link e veja nossa busca. Dica: antes de reservar, verifique a dist\u00e2ncia com o Centro de Conven\u00e7\u00f5es.<\/p>\t\t\t\t\t\t<\/div>\n\t\t\t\t<\/div>\n\t\t\t\t<div class=\"elementor-element elementor-element-ad0a979 elementor-button-warning elementor-widget elementor-widget-button\" data-id=\"ad0a979\" data-element_type=\"widget\" data-settings=\"{&quot;_animation&quot;:&quot;none&quot;}\" data-widget_type=\"button.default\">\n\t\t\t\t<div class=\"elementor-widget-container\">\n\t\t\t\t\t<div class=\"elementor-button-wrapper\">\n\t\t\t<a class=\"elementor-button elementor-button-link elementor-size-sm elementor-animation-shrink\" href=\"https:\/\/www.booking.com\/searchresults.pt-pt.html?ss=Itaipava&#038;ssne=Itaipava&#038;ssne_untouched=Itaipava&#038;label=booking-name-pt-row-bwMffLz*fdB8PTKNsC9tlgS267778091911%3Apl%3Ata%3Ap1%3Ap22.563.000%3Aac%3Aap%3Aneg%3Afi%3Atikwd-65526620%3Alp1001655%3Ali%3Adec%3Adm%3Appccp%3DUmFuZG9tSVYkc2RlIyh9YXwxhKG0pUU-3JdcXtALQMg&#038;aid=376377&#038;lang=pt-pt&#038;sb=1&#038;src_elem=sb&#038;src=searchresults&#038;dest_id=-647584&#038;dest_type=city&#038;checkin=2023-11-28&#038;checkout=2023-11-30&#038;group_adults=1&#038;no_rooms=1&#038;group_children=0&#038;sb_travel_purpose=leisure\" target=\"_blank\">\n\t\t\t\t\t\t<span class=\"elementor-button-content-wrapper\">\n\t\t\t\t\t\t<span class=\"elementor-button-icon elementor-align-icon-left\">\n\t\t\t\t<svg aria-hidden=\"true\" class=\"e-font-icon-svg e-fas-tree\" viewBox=\"0 0 384 512\" xmlns=\"http:\/\/www.w3.org\/2000\/svg\"><path d=\"M378.31 378.49L298.42 288h30.63c9.01 0 16.98-5 20.78-13.06 3.8-8.04 2.55-17.26-3.28-24.05L268.42 160h28.89c9.1 0 17.3-5.35 20.86-13.61 3.52-8.13 1.86-17.59-4.24-24.08L203.66 4.83c-6.03-6.45-17.28-6.45-23.32 0L70.06 122.31c-6.1 6.49-7.75 15.95-4.24 24.08C69.38 154.65 77.59 160 86.69 160h28.89l-78.14 90.91c-5.81 6.78-7.06 15.99-3.27 24.04C37.97 283 45.93 288 54.95 288h30.63L5.69 378.49c-6 6.79-7.36 16.09-3.56 24.26 3.75 8.05 12 13.25 21.01 13.25H160v24.45l-30.29 48.4c-5.32 10.64 2.42 23.16 14.31 23.16h95.96c11.89 0 19.63-12.52 14.31-23.16L224 440.45V416h136.86c9.01 0 17.26-5.2 21.01-13.25 3.8-8.17 2.44-17.47-3.56-24.26z\"><\/path><\/svg>\t\t\t<\/span>\n\t\t\t\t\t\t<span class=\"elementor-button-text\">Acesse o site<\/span>\n\t\t<\/span>\n\t\t\t\t\t<\/a>\n\t\t<\/div>\n\t\t\t\t<\/div>\n\t\t\t\t<\/div>\n\t\t\t\t<div class=\"elementor-element elementor-element-a815df2 elementor-widget elementor-widget-rt-title\" data-id=\"a815df2\" data-element_type=\"widget\" data-widget_type=\"rt-title.default\">\n\t\t\t\t<div class=\"elementor-widget-container\">\n\t\t\t<div class=\"rt-el-title section-heading style4\">\t\r\n        <h3 class=\"rtin-title title-bold color-dark title-bar\">04) Airbnb<\/h3>\t\r\n<\/div>\r\n\t\t<\/div>\n\t\t\t\t<\/div>\n\t\t\t\t<div class=\"elementor-element elementor-element-7a0abc0 elementor-widget elementor-widget-text-editor\" data-id=\"7a0abc0\" data-element_type=\"widget\" data-widget_type=\"text-editor.default\">\n\t\t\t\t<div class=\"elementor-widget-container\">\n\t\t\t\t\t\t\t<p><img class=\"wp-image-4106 alignleft\" src=\"https:\/\/metrologia2023.org.br\/wp-content\/uploads\/2023\/03\/7b985cad660ed20eece3fd4c509f9fb7-300x300.png\" alt=\"\" width=\"81\" height=\"81\" srcset=\"https:\/\/metrologia2023.org.br\/wp-content\/uploads\/2023\/03\/7b985cad660ed20eece3fd4c509f9fb7-300x300.png 300w, https:\/\/metrologia2023.org.br\/wp-content\/uploads\/2023\/03\/7b985cad660ed20eece3fd4c509f9fb7.png 1024w, https:\/\/metrologia2023.org.br\/wp-content\/uploads\/2023\/03\/7b985cad660ed20eece3fd4c509f9fb7-150x150.png 150w, https:\/\/metrologia2023.org.br\/wp-content\/uploads\/2023\/03\/7b985cad660ed20eece3fd4c509f9fb7-400x400.png 400w, https:\/\/metrologia2023.org.br\/wp-content\/uploads\/2023\/03\/7b985cad660ed20eece3fd4c509f9fb7-600x600.png 600w, https:\/\/metrologia2023.org.br\/wp-content\/uploads\/2023\/03\/7b985cad660ed20eece3fd4c509f9fb7-100x100.png 100w\" sizes=\"(max-width: 81px) 100vw, 81px\" \/>Airbnb &#8211; Outra op\u00e7\u00e3o interessante \u00e9 reservar apartamento ou casa pelo Airbnb. Clique aqui e veja a busca no per\u00edodo do evento.<\/p>\t\t\t\t\t\t<\/div>\n\t\t\t\t<\/div>\n\t\t\t\t<div class=\"elementor-element elementor-element-2754813 elementor-button-warning elementor-widget elementor-widget-button\" data-id=\"2754813\" data-element_type=\"widget\" data-settings=\"{&quot;_animation&quot;:&quot;none&quot;}\" data-widget_type=\"button.default\">\n\t\t\t\t<div class=\"elementor-widget-container\">\n\t\t\t\t\t<div class=\"elementor-button-wrapper\">\n\t\t\t<a class=\"elementor-button elementor-button-link elementor-size-sm elementor-animation-shrink\" href=\"https:\/\/www.airbnb.com.br\/s\/Itaipava--Petr\u00f3polis-~-RJ--Brasil\/homes?tab_id=home_tab&#038;refinement_paths%5B%5D=%2Fhomes&#038;flexible_trip_lengths%5B%5D=one_week&#038;price_filter_input_type=0&#038;price_filter_num_nights=2&#038;query=Itaipava%2C%20Petr\u00f3polis%20-%20RJ&#038;place_id=ChIJIYTEHCGrmQAReFrAITUinlE&#038;date_picker_type=calendar&#038;checkin=2023-11-27&#038;checkout=2023-11-29&#038;source=structured_search_input_header&#038;search_type=user_map_move&#038;ne_lat=-22.381464328611496&#038;ne_lng=-43.111025820912914&#038;sw_lat=-22.419157594113088&#038;sw_lng=-43.15180746787985&#038;zoom=14&#038;search_by_map=true\" target=\"_blank\">\n\t\t\t\t\t\t<span class=\"elementor-button-content-wrapper\">\n\t\t\t\t\t\t<span class=\"elementor-button-icon elementor-align-icon-left\">\n\t\t\t\t<svg aria-hidden=\"true\" class=\"e-font-icon-svg e-fas-tree\" viewBox=\"0 0 384 512\" xmlns=\"http:\/\/www.w3.org\/2000\/svg\"><path d=\"M378.31 378.49L298.42 288h30.63c9.01 0 16.98-5 20.78-13.06 3.8-8.04 2.55-17.26-3.28-24.05L268.42 160h28.89c9.1 0 17.3-5.35 20.86-13.61 3.52-8.13 1.86-17.59-4.24-24.08L203.66 4.83c-6.03-6.45-17.28-6.45-23.32 0L70.06 122.31c-6.1 6.49-7.75 15.95-4.24 24.08C69.38 154.65 77.59 160 86.69 160h28.89l-78.14 90.91c-5.81 6.78-7.06 15.99-3.27 24.04C37.97 283 45.93 288 54.95 288h30.63L5.69 378.49c-6 6.79-7.36 16.09-3.56 24.26 3.75 8.05 12 13.25 21.01 13.25H160v24.45l-30.29 48.4c-5.32 10.64 2.42 23.16 14.31 23.16h95.96c11.89 0 19.63-12.52 14.31-23.16L224 440.45V416h136.86c9.01 0 17.26-5.2 21.01-13.25 3.8-8.17 2.44-17.47-3.56-24.26z\"><\/path><\/svg>\t\t\t<\/span>\n\t\t\t\t\t\t<span class=\"elementor-button-text\">Acesse o site<\/span>\n\t\t<\/span>\n\t\t\t\t\t<\/a>\n\t\t<\/div>\n\t\t\t\t<\/div>\n\t\t\t\t<\/div>\n\t\t\t\t<div class=\"elementor-element elementor-element-0577ab2 elementor-widget elementor-widget-spacer\" data-id=\"0577ab2\" data-element_type=\"widget\" data-widget_type=\"spacer.default\">\n\t\t\t\t<div class=\"elementor-widget-container\">\n\t\t\t<style>\/*! elementor - v3.17.0 - 18-10-2023 *\/\n.elementor-column .elementor-spacer-inner{height:var(--spacer-size)}.e-con{--container-widget-width:100%}.e-con-inner>.elementor-widget-spacer,.e-con>.elementor-widget-spacer{width:var(--container-widget-width,var(--spacer-size));--align-self:var(--container-widget-align-self,initial);--flex-shrink:0}.e-con-inner>.elementor-widget-spacer>.elementor-widget-container,.e-con>.elementor-widget-spacer>.elementor-widget-container{height:100%;width:100%}.e-con-inner>.elementor-widget-spacer>.elementor-widget-container>.elementor-spacer,.e-con>.elementor-widget-spacer>.elementor-widget-container>.elementor-spacer{height:100%}.e-con-inner>.elementor-widget-spacer>.elementor-widget-container>.elementor-spacer>.elementor-spacer-inner,.e-con>.elementor-widget-spacer>.elementor-widget-container>.elementor-spacer>.elementor-spacer-inner{height:var(--container-widget-height,var(--spacer-size))}.e-con-inner>.elementor-widget-spacer.elementor-widget-empty,.e-con>.elementor-widget-spacer.elementor-widget-empty{position:relative;min-height:22px;min-width:22px}.e-con-inner>.elementor-widget-spacer.elementor-widget-empty .elementor-widget-empty-icon,.e-con>.elementor-widget-spacer.elementor-widget-empty .elementor-widget-empty-icon{position:absolute;top:0;bottom:0;left:0;right:0;margin:auto;padding:0;width:22px;height:22px}<\/style>\t\t<div class=\"elementor-spacer\">\n\t\t\t<div class=\"elementor-spacer-inner\"><\/div>\n\t\t<\/div>\n\t\t\t\t<\/div>\n\t\t\t\t<\/div>\n\t\t\t\t<div class=\"elementor-element elementor-element-91988db elementor-widget elementor-widget-spacer\" data-id=\"91988db\" data-element_type=\"widget\" data-widget_type=\"spacer.default\">\n\t\t\t\t<div class=\"elementor-widget-container\">\n\t\t\t\t\t<div class=\"elementor-spacer\">\n\t\t\t<div class=\"elementor-spacer-inner\"><\/div>\n\t\t<\/div>\n\t\t\t\t<\/div>\n\t\t\t\t<\/div>\n\t\t\t\t<div class=\"elementor-element elementor-element-ec900ab elementor-widget elementor-widget-rt-title\" data-id=\"ec900ab\" data-element_type=\"widget\" data-widget_type=\"rt-title.default\">\n\t\t\t\t<div class=\"elementor-widget-container\">\n\t\t\t<div class=\"rt-el-title section-heading style4\">\t\r\n        <h3 class=\"rtin-title title-bold color-dark title-bar\">Saiba como chegar no local do evento<\/h3>\t\r\n<\/div>\r\n\t\t<\/div>\n\t\t\t\t<\/div>\n\t\t\t\t<div class=\"elementor-element elementor-element-ca284ba elementor-widget elementor-widget-text-editor\" data-id=\"ca284ba\" data-element_type=\"widget\" data-widget_type=\"text-editor.default\">\n\t\t\t\t<div class=\"elementor-widget-container\">\n\t\t\t\t\t\t\t<iframe src=\"https:\/\/www.google.com\/maps\/embed?pb=!1m14!1m8!1m3!1d14754.228248841235!2d-43.1377264!3d-22.4080496!3m2!1i1024!2i768!4f13.1!3m3!1m2!1s0x99aa53a0a92b85%3A0x156f6c2bbcfd505f!2sHotel%20Granja%20Brasil%20Resort!5e0!3m2!1spt-BR!2sbr!4v1675407254293!5m2!1spt-BR!2sbr\" width=\"600\" height=\"450\" style=\"border:0;\" allowfullscreen=\"\" loading=\"lazy\" referrerpolicy=\"no-referrer-when-downgrade\"><\/iframe>\t\t\t\t\t\t<\/div>\n\t\t\t\t<\/div>\n\t\t\t\t\t<\/div>\n\t\t<\/div>\n\t\t\t\t\t\t\t<\/div>\n\t\t<\/section>\n\t\t\t\t\t\t\t<\/div>\n\t\t","protected":false},"excerpt":{"rendered":"<p>O evento ser\u00e1 realizado no Centro de Conven\u00e7\u00f5es do Granja Brasil. A hospegadem do participante n\u00e3o necessariamente precisa ser dentro do espa\u00e7o do Granja Brasil. Listamos quatro op\u00e7\u00f5es para voc\u00ea reservar o melhor local para se hospedar. 01) Hotel Granja Brasil Resort Os participantes que optarem por ficar no hotel, podem utilizar o c\u00f3digo de&#8230;<\/p>\n","protected":false},"author":1,"featured_media":0,"parent":0,"menu_order":0,"comment_status":"closed","ping_status":"closed","template":"","meta":{"_monsterinsights_skip_tracking":false,"_monsterinsights_sitenote_active":false,"_monsterinsights_sitenote_note":"","_monsterinsights_sitenote_category":0},"_links":{"self":[{"href":"https:\/\/metrologia2023.org.br\/index.php?rest_route=\/wp\/v2\/pages\/4011"}],"collection":[{"href":"https:\/\/metrologia2023.org.br\/index.php?rest_route=\/wp\/v2\/pages"}],"about":[{"href":"https:\/\/metrologia2023.org.br\/index.php?rest_route=\/wp\/v2\/types\/page"}],"author":[{"embeddable":true,"href":"https:\/\/metrologia2023.org.br\/index.php?rest_route=\/wp\/v2\/users\/1"}],"replies":[{"embeddable":true,"href":"https:\/\/metrologia2023.org.br\/index.php?rest_route=%2Fwp%2Fv2%2Fcomments&post=4011"}],"version-history":[{"count":43,"href":"https:\/\/metrologia2023.org.br\/index.php?rest_route=\/wp\/v2\/pages\/4011\/revisions"}],"predecessor-version":[{"id":4122,"href":"https:\/\/metrologia2023.org.br\/index.php?rest_route=\/wp\/v2\/pages\/4011\/revisions\/4122"}],"wp:attachment":[{"href":"https:\/\/metrologia2023.org.br\/index.php?rest_route=%2Fwp%2Fv2%2Fmedia&parent=4011"}],"curies":[{"name":"wp","href":"https:\/\/api.w.org\/{rel}","templated":true}]}}