{"id":3313,"date":"2023-02-02T23:50:30","date_gmt":"2023-02-03T02:50:30","guid":{"rendered":"https:\/\/metrologia2023.org.br\/?page_id=3313"},"modified":"2023-02-07T09:31:43","modified_gmt":"2023-02-07T12:31:43","slug":"formulario-de-inscricao","status":"publish","type":"page","link":"https:\/\/metrologia2023.org.br\/?page_id=3313","title":{"rendered":"Formul\u00e1rio de Inscri\u00e7\u00e3o"},"content":{"rendered":"\t\t<div data-elementor-type=\"wp-post\" data-elementor-id=\"3313\" class=\"elementor elementor-3313\">\n\t\t\t\t\t\t\t\t\t<section class=\"elementor-section elementor-top-section elementor-element elementor-element-a859281 elementor-section-stretched elementor-section-boxed elementor-section-height-default elementor-section-height-default\" data-id=\"a859281\" data-element_type=\"section\" data-settings=\"{&quot;stretch_section&quot;:&quot;section-stretched&quot;,&quot;background_background&quot;:&quot;classic&quot;,&quot;_ha_eqh_enable&quot;:false}\">\n\t\t\t\t\t\t\t<div class=\"elementor-background-overlay\"><\/div>\n\t\t\t\t\t\t\t<div class=\"elementor-container elementor-column-gap-no\">\n\t\t\t\t\t<div class=\"elementor-column elementor-col-100 elementor-top-column elementor-element elementor-element-7423d02\" data-id=\"7423d02\" data-element_type=\"column\">\n\t\t\t<div class=\"elementor-widget-wrap elementor-element-populated\">\n\t\t\t\t\t\t\t\t<div class=\"elementor-element elementor-element-d42f71e elementor-widget elementor-widget-rt-title\" data-id=\"d42f71e\" data-element_type=\"widget\" data-widget_type=\"rt-title.default\">\n\t\t\t\t<div class=\"elementor-widget-container\">\n\t\t\t<div class=\"rt-el-title section-heading style4\">\t\r\n        <h3 class=\"rtin-title title-bold color-dark title-bar\">Inscri\u00e7\u00e3o no evento<\/h3>\t\r\n<\/div>\r\n\t\t<\/div>\n\t\t\t\t<\/div>\n\t\t\t\t<div class=\"elementor-element elementor-element-31c9263 elementor-widget elementor-widget-text-editor\" data-id=\"31c9263\" data-element_type=\"widget\" data-widget_type=\"text-editor.default\">\n\t\t\t\t<div class=\"elementor-widget-container\">\n\t\t\t<style>\/*! elementor - v3.17.0 - 18-10-2023 *\/\n.elementor-widget-text-editor.elementor-drop-cap-view-stacked .elementor-drop-cap{background-color:#69727d;color:#fff}.elementor-widget-text-editor.elementor-drop-cap-view-framed .elementor-drop-cap{color:#69727d;border:3px solid;background-color:transparent}.elementor-widget-text-editor:not(.elementor-drop-cap-view-default) .elementor-drop-cap{margin-top:8px}.elementor-widget-text-editor:not(.elementor-drop-cap-view-default) .elementor-drop-cap-letter{width:1em;height:1em}.elementor-widget-text-editor .elementor-drop-cap{float:left;text-align:center;line-height:1;font-size:50px}.elementor-widget-text-editor .elementor-drop-cap-letter{display:inline-block}<\/style>\t\t\t\t<iframe style=\"width: 98%; height: 2600px; border: none; margin-top: 20px;\" src=\"https:\/\/metrologia.org.br\/form\/form-metrologia2023\/\" frameborder=\"0\" scrolling=\"yes\" align=\"middle\" onload=\"window.parent.scrollTo(0,0)\" ><\/iframe>\t\t\t\t\t\t<\/div>\n\t\t\t\t<\/div>\n\t\t\t\t\t<\/div>\n\t\t<\/div>\n\t\t\t\t\t\t\t<\/div>\n\t\t<\/section>\n\t\t\t\t\t\t\t<\/div>\n\t\t","protected":false},"excerpt":{"rendered":"<p>Inscri\u00e7\u00e3o no evento<\/p>\n","protected":false},"author":1,"featured_media":0,"parent":0,"menu_order":0,"comment_status":"closed","ping_status":"closed","template":"","meta":{"_monsterinsights_skip_tracking":false,"_monsterinsights_sitenote_active":false,"_monsterinsights_sitenote_note":"","_monsterinsights_sitenote_category":0},"_links":{"self":[{"href":"https:\/\/metrologia2023.org.br\/index.php?rest_route=\/wp\/v2\/pages\/3313"}],"collection":[{"href":"https:\/\/metrologia2023.org.br\/index.php?rest_route=\/wp\/v2\/pages"}],"about":[{"href":"https:\/\/metrologia2023.org.br\/index.php?rest_route=\/wp\/v2\/types\/page"}],"author":[{"embeddable":true,"href":"https:\/\/metrologia2023.org.br\/index.php?rest_route=\/wp\/v2\/users\/1"}],"replies":[{"embeddable":true,"href":"https:\/\/metrologia2023.org.br\/index.php?rest_route=%2Fwp%2Fv2%2Fcomments&post=3313"}],"version-history":[{"count":14,"href":"https:\/\/metrologia2023.org.br\/index.php?rest_route=\/wp\/v2\/pages\/3313\/revisions"}],"predecessor-version":[{"id":3936,"href":"https:\/\/metrologia2023.org.br\/index.php?rest_route=\/wp\/v2\/pages\/3313\/revisions\/3936"}],"wp:attachment":[{"href":"https:\/\/metrologia2023.org.br\/index.php?rest_route=%2Fwp%2Fv2%2Fmedia&parent=3313"}],"curies":[{"name":"wp","href":"https:\/\/api.w.org\/{rel}","templated":true}]}}